{"id":450,"date":"2021-01-04T17:47:20","date_gmt":"2021-01-04T16:47:20","guid":{"rendered":"https:\/\/www.tecnolam.it\/?page_id=450"},"modified":"2022-03-02T15:39:50","modified_gmt":"2022-03-02T14:39:50","slug":"qualita","status":"publish","type":"page","link":"https:\/\/www.tecnolam.it\/fr\/qualita\/","title":{"rendered":"Contr\u00f4le qualit\u00e9"},"content":{"rendered":"<div data-elementor-type=\"wp-page\" data-elementor-id=\"450\" class=\"elementor elementor-450\" data-elementor-settings=\"[]\">\n\t\t\t\t\t\t<div class=\"elementor-inner\">\n\t\t\t\t\t\t\t<div class=\"elementor-section-wrap\">\n\t\t\t\t\t\t\t<section class=\"elementor-section elementor-top-section elementor-element elementor-element-1a10139 elementor-section-boxed elementor-section-height-default elementor-section-height-default\" data-id=\"1a10139\" data-element_type=\"section\">\n\t\t\t\t\t\t<div class=\"elementor-container elementor-column-gap-no\">\n\t\t\t\t\t\t\t<div class=\"elementor-row\">\n\t\t\t\t\t<div class=\"aux-parallax-section elementor-column elementor-col-66 elementor-top-column elementor-element elementor-element-5bd01e4d\" data-id=\"5bd01e4d\" data-element_type=\"column\">\n\t\t\t<div class=\"elementor-column-wrap elementor-element-populated\">\n\t\t\t\t\t\t\t<div class=\"elementor-widget-wrap\">\n\t\t\t\t\t\t<div class=\"elementor-element elementor-element-43afee3a aux-appear-watch-animation aux-fade-in-right elementor-widget elementor-widget-aux_modern_heading\" data-id=\"43afee3a\" data-element_type=\"widget\" data-widget_type=\"aux_modern_heading.default\">\n\t\t\t\t<div class=\"elementor-widget-container\">\n\t\t\t<section class=\"aux-widget-modern-heading\">\n            <div class=\"aux-widget-inner\"><div class=\"aux-modern-heading-divider\"><\/div><h2 class=\"aux-modern-heading-primary\">Prestations de service<\/h2><h1 class=\"aux-modern-heading-secondary\"><span class=\"aux-head-before\">Contr\u00f4le qualit\u00e9<\/span><\/h1><div class=\"aux-modern-heading-description\"><p>Tecnolam certifie toujours un produit bien fini et performant en s&#039;assurant, par des contr\u00f4les visuels, dimensionnels et mat\u00e9riels, de garantir un r\u00e9sultat conforme, dans le respect des tol\u00e9rances, des finitions et de la pr\u00e9cision fonctionnelle et m\u00e9canique.<\/p><\/div><\/div>\n        <\/section>\t\t<\/div>\n\t\t\t\t<\/div>\n\t\t\t\t<div class=\"elementor-element elementor-element-7368eed3 aux-appear-watch-animation aux-fade-in-up elementor-widget elementor-widget-text-editor\" data-id=\"7368eed3\" data-element_type=\"widget\" data-widget_type=\"text-editor.default\">\n\t\t\t\t<div class=\"elementor-widget-container\">\n\t\t\t\t\t\t\t\t<div class=\"elementor-text-editor elementor-clearfix\">\n\t\t\t\t<p>La gestion de la qualit\u00e9 est l&#039;ensemble de toutes les activit\u00e9s men\u00e9es pour garantir une norme particuli\u00e8re d&#039;un produit<\/p>\t\t\t\t\t<\/div>\n\t\t\t\t\t\t<\/div>\n\t\t\t\t<\/div>\n\t\t\t\t\t\t<\/div>\n\t\t\t\t\t<\/div>\n\t\t<\/div>\n\t\t\t\t<div class=\"aux-parallax-section elementor-column elementor-col-33 elementor-top-column elementor-element elementor-element-6223f0a6\" data-id=\"6223f0a6\" data-element_type=\"column\">\n\t\t\t<div class=\"elementor-column-wrap elementor-element-populated\">\n\t\t\t\t\t\t\t<div class=\"elementor-widget-wrap\">\n\t\t\t\t\t\t<div class=\"elementor-element elementor-element-2a321138 elementor-widget elementor-widget-aux_image\" data-id=\"2a321138\" data-element_type=\"widget\" data-widget_type=\"aux_image.default\">\n\t\t\t\t<div class=\"elementor-widget-container\">\n\t\t\t<section class=\"widget-container aux-widget-image aux-alignnone aux-parent-au5ca02625\" style=\"\" >\n    <div class=\"aux-media-hint-frame\">\n        <div class=\"aux-media-image\" >\n        \n            \n\n            \n            <img loading=\"lazy\" width=\"1000\" height=\"668\" src=\"https:\/\/www.tecnolam.it\/wp-content\/uploads\/2021\/01\/regolo.jpg\" class=\"aux-attachment aux-featured-image aux-attachment-id-569\" alt=\"regolo\" srcset=\"https:\/\/www.tecnolam.it\/wp-content\/uploads\/2021\/01\/regolo-150x150.jpg 150w,https:\/\/www.tecnolam.it\/wp-content\/uploads\/2021\/01\/regolo-300x300.jpg 300w,https:\/\/www.tecnolam.it\/wp-content\/uploads\/2021\/01\/regolo-768x668.jpg 768w,https:\/\/www.tecnolam.it\/wp-content\/uploads\/2021\/01\/regolo.jpg 1000w\" data-ratio=\"1\" data-original-w=\"1000\" sizes=\"(max-width:479px) 480px,(max-width:767px) 768px,(max-width:1023px) 1024px,1000px\" \/>            \n                <\/div>\n    <\/div>\n\n<\/section><!-- widget-container -->\t\t<\/div>\n\t\t\t\t<\/div>\n\t\t\t\t\t\t<\/div>\n\t\t\t\t\t<\/div>\n\t\t<\/div>\n\t\t\t\t\t\t\t\t<\/div>\n\t\t\t\t\t<\/div>\n\t\t<\/section>\n\t\t\t\t<section class=\"elementor-section elementor-top-section elementor-element elementor-element-1f742a5 elementor-section-boxed elementor-section-height-default elementor-section-height-default\" data-id=\"1f742a5\" data-element_type=\"section\">\n\t\t\t\t\t\t<div class=\"elementor-container elementor-column-gap-default\">\n\t\t\t\t\t\t\t<div class=\"elementor-row\">\n\t\t\t\t\t<div class=\"aux-parallax-section elementor-column elementor-col-100 elementor-top-column elementor-element elementor-element-0c3f1d6\" data-id=\"0c3f1d6\" data-element_type=\"column\">\n\t\t\t<div class=\"elementor-column-wrap elementor-element-populated\">\n\t\t\t\t\t\t\t<div class=\"elementor-widget-wrap\">\n\t\t\t\t\t\t<div class=\"elementor-element elementor-element-d79be79 elementor-widget elementor-widget-aux-gallery\" data-id=\"d79be79\" data-element_type=\"widget\" data-widget_type=\"aux-gallery.default\">\n\t\t\t\t<div class=\"elementor-widget-container\">\n\t\t\t<section class=\"widget-container aux-widget-gallery aux-parent-aub5d9aa4c\" style=\"\" ><div id='aux-gallery-1' class='aux-gallery galleryid-450 gallery-columns-3 aux-lightbox-gallery'><div class=\"aux-gallery-container aux-isotope-animated aux-row aux-de-col3 aux-tb-col2 aux-mb-col1 elementor-clickable aux-no-gutter aux-layout-masonry\"  data-pagination=\"false\" data-lazyload=\"false\" data-perpage=\"24\" data-layout=\"masonry\" data-space=\"10\" >    <figure class=\"gallery-item aux-hover-active aux-iso-item aux-col\">\n            <div class=\"aux-frame-mask-plain aux-frame-ratio\">\n                <a href=\"https:\/\/www.tecnolam.it\/wp-content\/uploads\/2021\/01\/cilindri.jpg\" class=\"aux-frame-ratio-inner aux-frame-darken aux-lightbox-btn\" data-elementor-open-lightbox=\"no\" data-original-width=\"1000\" data-original-height=\"668\" data-caption=\"cilindri\">\n                                <div class=\"aux-hover-scale-circle-plus2\">\n                        <span class=\"aux-symbol-plus\"><\/span>\n                        <span class=\"aux-symbol-circle\"><\/span>\n                    <\/div>\n                        <img loading=\"lazy\" width=\"300\" height=\"300\" src=\"https:\/\/www.tecnolam.it\/wp-content\/uploads\/2021\/01\/cilindri-300x300.jpg\" class=\"aux-attachment aux-featured-image attachment-300x300 aux-attachment-id-570\" alt=\"cilindri\" srcset=\"https:\/\/www.tecnolam.it\/wp-content\/uploads\/2021\/01\/cilindri-150x150.jpg 150w,https:\/\/www.tecnolam.it\/wp-content\/uploads\/2021\/01\/cilindri-300x300.jpg 300w,https:\/\/www.tecnolam.it\/wp-content\/uploads\/2021\/01\/cilindri-768x668.jpg 768w,https:\/\/www.tecnolam.it\/wp-content\/uploads\/2021\/01\/cilindri-300x300.jpg 300w,https:\/\/www.tecnolam.it\/wp-content\/uploads\/2021\/01\/cilindri-990x990.jpg 990w\" data-ratio=\"1\" data-original-w=\"1000\" sizes=\"(max-width:767px) 100vw,(min-width:768px) and (max-width:1025px) 50vw,513px\" \/>                <\/a>\n            <\/div>\n                <\/figure>\n    <figure class=\"gallery-item aux-hover-active aux-iso-item aux-col\">\n            <div class=\"aux-frame-mask-plain aux-frame-ratio\">\n                <a href=\"https:\/\/www.tecnolam.it\/wp-content\/uploads\/2021\/01\/calibro.jpg\" class=\"aux-frame-ratio-inner aux-frame-darken aux-lightbox-btn\" data-elementor-open-lightbox=\"no\" data-original-width=\"1000\" data-original-height=\"668\" data-caption=\"calibro\">\n                                <div class=\"aux-hover-scale-circle-plus2\">\n                        <span class=\"aux-symbol-plus\"><\/span>\n                        <span class=\"aux-symbol-circle\"><\/span>\n                    <\/div>\n                        <img loading=\"lazy\" width=\"300\" height=\"300\" src=\"https:\/\/www.tecnolam.it\/wp-content\/uploads\/2021\/01\/calibro-300x300.jpg\" class=\"aux-attachment aux-featured-image attachment-300x300 aux-attachment-id-571\" alt=\"calibro\" srcset=\"https:\/\/www.tecnolam.it\/wp-content\/uploads\/2021\/01\/calibro-150x150.jpg 150w,https:\/\/www.tecnolam.it\/wp-content\/uploads\/2021\/01\/calibro-300x300.jpg 300w,https:\/\/www.tecnolam.it\/wp-content\/uploads\/2021\/01\/calibro-768x668.jpg 768w,https:\/\/www.tecnolam.it\/wp-content\/uploads\/2021\/01\/calibro-300x300.jpg 300w,https:\/\/www.tecnolam.it\/wp-content\/uploads\/2021\/01\/calibro-990x990.jpg 990w\" data-ratio=\"1\" data-original-w=\"1000\" sizes=\"(max-width:767px) 100vw,(min-width:768px) and (max-width:1025px) 50vw,513px\" \/>                <\/a>\n            <\/div>\n                <\/figure>\n    <figure class=\"gallery-item aux-hover-active aux-iso-item aux-col\">\n            <div class=\"aux-frame-mask-plain aux-frame-ratio\">\n                <a href=\"https:\/\/www.tecnolam.it\/wp-content\/uploads\/2021\/02\/calibro.jpg\" class=\"aux-frame-ratio-inner aux-frame-darken aux-lightbox-btn\" data-elementor-open-lightbox=\"no\" data-original-width=\"1000\" data-original-height=\"750\" data-caption=\"calibro\">\n                                <div class=\"aux-hover-scale-circle-plus2\">\n                        <span class=\"aux-symbol-plus\"><\/span>\n                        <span class=\"aux-symbol-circle\"><\/span>\n                    <\/div>\n                        <img loading=\"lazy\" width=\"300\" height=\"300\" src=\"https:\/\/www.tecnolam.it\/wp-content\/uploads\/2021\/02\/calibro-300x300.jpg\" class=\"aux-attachment aux-featured-image attachment-300x300 aux-attachment-id-807\" alt=\"calibro\" srcset=\"https:\/\/www.tecnolam.it\/wp-content\/uploads\/2021\/02\/calibro-150x150.jpg 150w,https:\/\/www.tecnolam.it\/wp-content\/uploads\/2021\/02\/calibro-300x300.jpg 300w,https:\/\/www.tecnolam.it\/wp-content\/uploads\/2021\/02\/calibro-768x750.jpg 768w,https:\/\/www.tecnolam.it\/wp-content\/uploads\/2021\/02\/calibro-300x300.jpg 300w,https:\/\/www.tecnolam.it\/wp-content\/uploads\/2021\/02\/calibro-990x990.jpg 990w\" data-ratio=\"1\" data-original-w=\"1000\" sizes=\"(max-width:767px) 100vw,(min-width:768px) and (max-width:1025px) 50vw,513px\" \/>                <\/a>\n            <\/div>\n                <\/figure>\n<\/div><\/div><\/section><!-- widget-container --><style>.aux-parent-aub5d9aa4c .aux-frame-ratio { padding-bottom:75% }<\/style>\t\t<\/div>\n\t\t\t\t<\/div>\n\t\t\t\t\t\t<\/div>\n\t\t\t\t\t<\/div>\n\t\t<\/div>\n\t\t\t\t\t\t\t\t<\/div>\n\t\t\t\t\t<\/div>\n\t\t<\/section>\n\t\t\t\t\t\t<\/div>\n\t\t\t\t\t\t<\/div>\n\t\t\t\t\t<\/div>","protected":false},"excerpt":{"rendered":"<p>Services Contr\u00f4le qualit\u00e9 Tecnolam certifie toujours un produit bien fini et performant en s&#039;assurant, par des contr\u00f4les visuels, dimensionnels et mat\u00e9riels, de garantir un r\u00e9sultat conforme, dans le respect des tol\u00e9rances, des finitions et de la pr\u00e9cision fonctionnelle et m\u00e9canique. La gestion de la qualit\u00e9 est l&#039;ensemble de toutes les activit\u00e9s men\u00e9es pour garantir une norme particuli\u00e8re d&#039;un produit<\/p>","protected":false},"author":1,"featured_media":0,"parent":0,"menu_order":0,"comment_status":"closed","ping_status":"closed","template":"","meta":[],"_links":{"self":[{"href":"https:\/\/www.tecnolam.it\/fr\/wp-json\/wp\/v2\/pages\/450"}],"collection":[{"href":"https:\/\/www.tecnolam.it\/fr\/wp-json\/wp\/v2\/pages"}],"about":[{"href":"https:\/\/www.tecnolam.it\/fr\/wp-json\/wp\/v2\/types\/page"}],"author":[{"embeddable":true,"href":"https:\/\/www.tecnolam.it\/fr\/wp-json\/wp\/v2\/users\/1"}],"replies":[{"embeddable":true,"href":"https:\/\/www.tecnolam.it\/fr\/wp-json\/wp\/v2\/comments?post=450"}],"version-history":[{"count":1,"href":"https:\/\/www.tecnolam.it\/fr\/wp-json\/wp\/v2\/pages\/450\/revisions"}],"predecessor-version":[{"id":1512,"href":"https:\/\/www.tecnolam.it\/fr\/wp-json\/wp\/v2\/pages\/450\/revisions\/1512"}],"wp:attachment":[{"href":"https:\/\/www.tecnolam.it\/fr\/wp-json\/wp\/v2\/media?parent=450"}],"curies":[{"name":"wp","href":"https:\/\/api.w.org\/{rel}","templated":true}]}}