{"id":143,"date":"2019-01-09T07:57:37","date_gmt":"2019-01-09T06:57:37","guid":{"rendered":"https:\/\/www.tecnolam.it\/about\/"},"modified":"2022-08-01T16:09:47","modified_gmt":"2022-08-01T14:09:47","slug":"azienda","status":"publish","type":"page","link":"https:\/\/www.tecnolam.it\/fr\/azienda\/","title":{"rendered":"Agence"},"content":{"rendered":"<div data-elementor-type=\"wp-post\" data-elementor-id=\"143\" class=\"elementor elementor-143\" data-elementor-settings=\"[]\">\n\t\t\t\t\t\t<div class=\"elementor-inner\">\n\t\t\t\t\t\t\t<div class=\"elementor-section-wrap\">\n\t\t\t\t\t\t\t<section class=\"elementor-section elementor-top-section elementor-element elementor-element-72dc777 elementor-reverse-tablet elementor-reverse-mobile elementor-section-boxed elementor-section-height-default elementor-section-height-default\" data-id=\"72dc777\" data-element_type=\"section\">\n\t\t\t\t\t\t<div class=\"elementor-container elementor-column-gap-no\">\n\t\t\t\t\t\t\t<div class=\"elementor-row\">\n\t\t\t\t\t<div class=\"aux-parallax-section elementor-column elementor-col-50 elementor-top-column elementor-element elementor-element-420852e\" data-id=\"420852e\" data-element_type=\"column\">\n\t\t\t<div class=\"elementor-column-wrap elementor-element-populated\">\n\t\t\t\t\t\t\t<div class=\"elementor-widget-wrap\">\n\t\t\t\t\t\t<div class=\"elementor-element elementor-element-e56b624 aux-appear-watch-animation aux-fade-in-up elementor-widget elementor-widget-aux_modern_heading\" data-id=\"e56b624\" data-element_type=\"widget\" data-widget_type=\"aux_modern_heading.default\">\n\t\t\t\t<div class=\"elementor-widget-container\">\n\t\t\t<section class=\"aux-widget-modern-heading\">\n            <div class=\"aux-widget-inner\"><div class=\"aux-modern-heading-divider\"><\/div><h1 class=\"aux-modern-heading-primary\">Agence<\/h1><h2 class=\"aux-modern-heading-secondary\"><span class=\"aux-head-before\">Nous innovons les proc\u00e9d\u00e9s de fabrication, avec la qualit\u00e9 habituelle<\/span><\/h2><div class=\"aux-modern-heading-description\"><p class=\" translation-block\"><span style=\"font-weight: 400;\"><strong>TECNOLAM Srl<\/strong> \u00e8 una giovane e dinamica azienda metalmeccanica che opera dal 1992 nel settore della trasformazione della lamiera per conto terzi, producendo particolari di carpenteria, semi-lavorati e prodotto finiti esclusivamente su commessa.<br><\/span><\/p><p class=\" translation-block\"><br>L\u2019azienda si estende in una superficie complessiva di <strong>60.000 mq<\/strong>, dei quali <strong>25.000<\/strong> sono adibiti all\u2019intero ciclo lavorativo.<\/p><\/div><\/div>\n        <\/section>\t\t<\/div>\n\t\t\t\t<\/div>\n\t\t\t\t<div class=\"elementor-element elementor-element-2ece511 aux-appear-watch-animation aux-fade-in-up elementor-widget elementor-widget-text-editor\" data-id=\"2ece511\" data-element_type=\"widget\" data-widget_type=\"text-editor.default\">\n\t\t\t\t<div class=\"elementor-widget-container\">\n\t\t\t\t\t\t\t\t<div class=\"elementor-text-editor elementor-clearfix\">\n\t\t\t\t<p>Notre exp\u00e9rience dans divers secteurs, le renouvellement continu du parc machines, le suivi de nos fournisseurs\/partenaires, et la capacit\u00e9 \u00e0 travailler diff\u00e9rents types de mat\u00e9riaux tels que la t\u00f4le d&#039;aluminium poli-d\u00e9cap\u00e9-galvanis\u00e9-\u00e9lectro-zingu\u00e9 et inox, le tout jusqu&#039;\u00e0 une longueur de 6 m\u00e8tres nous permet de garantir \u00e0 nos clients des solutions sur mesure.<\/p>\t\t\t\t\t<\/div>\n\t\t\t\t\t\t<\/div>\n\t\t\t\t<\/div>\n\t\t\t\t<div class=\"elementor-element elementor-element-c7ef224 aux-appear-watch-animation aux-fade-in-up elementor-widget elementor-widget-text-editor\" data-id=\"c7ef224\" data-element_type=\"widget\" data-widget_type=\"text-editor.default\">\n\t\t\t\t<div class=\"elementor-widget-container\">\n\t\t\t\t\t\t\t\t<div class=\"elementor-text-editor elementor-clearfix\">\n\t\t\t\t<p>Afin de garantir la fiabilit\u00e9 et la constance qualitative de la production, l&#039;entreprise utilise un syst\u00e8me de GESTION DE LA QUALIT\u00c9 certifi\u00e9 UNI EN ISO 9001-2008 2015. Pour le soudage, l&#039;entreprise est certifi\u00e9e ISO 3834-2\u00a0: 2005 et EN 1090-2\u00a0: 2008 - + A1 : 2011<\/p>\t\t\t\t\t<\/div>\n\t\t\t\t\t\t<\/div>\n\t\t\t\t<\/div>\n\t\t\t\t\t\t<\/div>\n\t\t\t\t\t<\/div>\n\t\t<\/div>\n\t\t\t\t<div class=\"aux-parallax-section elementor-column elementor-col-25 elementor-top-column elementor-element elementor-element-126a4d5\" data-id=\"126a4d5\" data-element_type=\"column\">\n\t\t\t<div class=\"elementor-column-wrap elementor-element-populated\">\n\t\t\t\t\t\t\t<div class=\"elementor-widget-wrap\">\n\t\t\t\t\t\t<div class=\"aux-scroll-anim elementor-element elementor-element-9d9fd6b aux-appear-watch-animation aux-mask-from-top elementor-widget elementor-widget-aux_image\" data-move-in=\"\" data-move-out=\"moveVertical\" data-axis-x=\"200\" data-axis-y=\"40\" data-rotate=\"90\" data-scale=\"1\" data-vp-top=\"0.5\" data-vp-bot=\"0.5\" data-el-top=\"0.2\" data-scroll-animation-off=\"1024\" data-id=\"9d9fd6b\" data-element_type=\"widget\" data-widget_type=\"aux_image.default\">\n\t\t\t\t<div class=\"elementor-widget-container\">\n\t\t\t<section class=\"widget-container aux-widget-image aux-alignnone aux-parent-aub2ac95d7\" style=\"\" >\n    <div class=\"aux-media-hint-frame\">\n        <div class=\"aux-media-image\" >\n        \n            \n\n            \n            <img loading=\"lazy\" width=\"563\" height=\"1000\" src=\"data:image\/gif;base64,R0lGODlhAQABAIAAAAAAAP\/\/\/yH5BAEAAAAALAAAAAABAAEAAAIBRAA7\" class=\"aux-attachment aux-featured-image aux-attachment-id-420 aux-preload aux-blank\" alt=\"_7505620\" data-ratio=\"0.56\" data-original-w=\"563\" data-src=\"https:\/\/www.tecnolam.it\/wp-content\/uploads\/2021\/01\/7505620.jpg\" \/>            \n                <\/div>\n    <\/div>\n\n<\/section><!-- widget-container -->\t\t<\/div>\n\t\t\t\t<\/div>\n\t\t\t\t\t\t<\/div>\n\t\t\t\t\t<\/div>\n\t\t<\/div>\n\t\t\t\t<div class=\"aux-parallax-section elementor-column elementor-col-25 elementor-top-column elementor-element elementor-element-f38f3eb\" data-id=\"f38f3eb\" data-element_type=\"column\">\n\t\t\t<div class=\"elementor-column-wrap elementor-element-populated\">\n\t\t\t\t\t\t\t<div class=\"elementor-widget-wrap\">\n\t\t\t\t\t\t<div class=\"aux-scroll-anim elementor-element elementor-element-b95d427 aux-appear-watch-animation aux-mask-from-top elementor-widget elementor-widget-aux_image\" data-move-in=\"\" data-move-out=\"moveVertical\" data-axis-x=\"200\" data-axis-y=\"40\" data-rotate=\"90\" data-scale=\"1\" data-vp-top=\"0.5\" data-vp-bot=\"0.5\" data-el-top=\"0.2\" data-scroll-animation-off=\"1024\" data-id=\"b95d427\" data-element_type=\"widget\" data-widget_type=\"aux_image.default\">\n\t\t\t\t<div class=\"elementor-widget-container\">\n\t\t\t<section class=\"widget-container aux-widget-image aux-alignnone aux-parent-au19f75eff\" style=\"\" >\n    <div class=\"aux-media-hint-frame\">\n        <div class=\"aux-media-image\" >\n        \n            \n\n            \n            <img loading=\"lazy\" width=\"563\" height=\"1000\" src=\"data:image\/gif;base64,R0lGODlhAQABAIAAAAAAAP\/\/\/yH5BAEAAAAALAAAAAABAAEAAAIBRAA7\" class=\"aux-attachment aux-featured-image aux-attachment-id-1109 aux-preload aux-blank\" alt=\"Tecnolam-azienda-h\" data-ratio=\"0.56\" data-original-w=\"563\" data-src=\"https:\/\/www.tecnolam.it\/wp-content\/uploads\/2021\/03\/Tecnolam-azienda-h.jpg\" \/>            \n                <\/div>\n    <\/div>\n\n<\/section><!-- widget-container -->\t\t<\/div>\n\t\t\t\t<\/div>\n\t\t\t\t\t\t<\/div>\n\t\t\t\t\t<\/div>\n\t\t<\/div>\n\t\t\t\t\t\t\t\t<\/div>\n\t\t\t\t\t<\/div>\n\t\t<\/section>\n\t\t\t\t<section class=\"elementor-section elementor-top-section elementor-element elementor-element-99b6101 elementor-section-boxed elementor-section-height-default elementor-section-height-default\" data-id=\"99b6101\" data-element_type=\"section\">\n\t\t\t\t\t\t<div class=\"elementor-container elementor-column-gap-no\">\n\t\t\t\t\t\t\t<div class=\"elementor-row\">\n\t\t\t\t\t<div class=\"aux-parallax-section elementor-column elementor-col-33 elementor-top-column elementor-element elementor-element-cf63b37\" data-id=\"cf63b37\" data-element_type=\"column\">\n\t\t\t<div class=\"elementor-column-wrap elementor-element-populated\">\n\t\t\t\t\t\t\t<div class=\"elementor-widget-wrap\">\n\t\t\t\t\t\t<div class=\"elementor-element elementor-element-1a9815c elementor-widget elementor-widget-aux_image\" data-id=\"1a9815c\" data-element_type=\"widget\" data-widget_type=\"aux_image.default\">\n\t\t\t\t<div class=\"elementor-widget-container\">\n\t\t\t<section class=\"widget-container aux-widget-image aux-alignnone aux-parent-au91fe3145\" style=\"\" >\n    <div class=\"aux-media-hint-frame\">\n        <div class=\"aux-media-image\" >\n        \n            \n\n            \n            <img loading=\"lazy\" width=\"1000\" height=\"668\" src=\"https:\/\/www.tecnolam.it\/wp-content\/uploads\/2021\/03\/PAZIENDALE.jpg\" class=\"aux-attachment aux-featured-image aux-attachment-id-1088\" alt=\"PAZIENDALE\" srcset=\"https:\/\/www.tecnolam.it\/wp-content\/uploads\/2021\/03\/PAZIENDALE-150x150.jpg 150w,https:\/\/www.tecnolam.it\/wp-content\/uploads\/2021\/03\/PAZIENDALE-300x300.jpg 300w,https:\/\/www.tecnolam.it\/wp-content\/uploads\/2021\/03\/PAZIENDALE-768x668.jpg 768w,https:\/\/www.tecnolam.it\/wp-content\/uploads\/2021\/03\/PAZIENDALE.jpg 1000w\" data-ratio=\"1\" data-original-w=\"1000\" sizes=\"(max-width:479px) 480px,(max-width:767px) 768px,(max-width:1023px) 1024px,1000px\" \/>            \n                <\/div>\n    <\/div>\n\n<\/section><!-- widget-container -->\t\t<\/div>\n\t\t\t\t<\/div>\n\t\t\t\t\t\t<\/div>\n\t\t\t\t\t<\/div>\n\t\t<\/div>\n\t\t\t\t<div class=\"aux-parallax-section elementor-column elementor-col-66 elementor-top-column elementor-element elementor-element-6531226\" data-id=\"6531226\" data-element_type=\"column\">\n\t\t\t<div class=\"elementor-column-wrap elementor-element-populated\">\n\t\t\t\t\t\t\t<div class=\"elementor-widget-wrap\">\n\t\t\t\t\t\t<div class=\"elementor-element elementor-element-f0411e4 aux-appear-watch-animation aux-fade-in-right elementor-widget elementor-widget-aux_modern_heading\" data-id=\"f0411e4\" data-element_type=\"widget\" data-widget_type=\"aux_modern_heading.default\">\n\t\t\t\t<div class=\"elementor-widget-container\">\n\t\t\t<section class=\"aux-widget-modern-heading\">\n            <div class=\"aux-widget-inner\"><div class=\"aux-modern-heading-divider\"><\/div><h6 class=\"aux-modern-heading-primary\">Cible\n\n<\/h6><h6 class=\"aux-modern-heading-secondary\"><span class=\"aux-head-before\">Politique d&#039;entreprise<\/span><\/h6><div class=\"aux-modern-heading-description\"><p>L&#039;objectif principal de TECNOLAM SRL est d&#039;obtenir une satisfaction compl\u00e8te et continue de la client\u00e8le, seule voie vers le succ\u00e8s de l&#039;entreprise et le d\u00e9veloppement de ses activit\u00e9s.<\/p><p>Cependant, ce d\u00e9veloppement doit se faire de mani\u00e8re compatible gr\u00e2ce au maintien de normes de qualit\u00e9 \u00e9lev\u00e9es et \u00e0 la r\u00e9alisation de niveaux ad\u00e9quats de s\u00e9curit\u00e9 des travailleurs et de protection de l&#039;environnement.<\/p><\/div><\/div>\n        <\/section>\t\t<\/div>\n\t\t\t\t<\/div>\n\t\t\t\t<div class=\"elementor-element elementor-element-d9b5a9f elementor-widget elementor-widget-aux_button\" data-id=\"d9b5a9f\" data-element_type=\"widget\" data-widget_type=\"aux_button.default\">\n\t\t\t\t<div class=\"elementor-widget-container\">\n\t\t\t<a  href=\"https:\/\/www.tecnolam.it\/wp-content\/uploads\/2022\/08\/Politica-aziendale-2022.pdf\" target=\"_blank\"   class=\"aux-button aux-large aux-fire-engine-red aux-curve aux-none aux-uppercase\" ><span class=\"aux-overlay\"><\/span><span class=\"aux-text\">T\u00e9l\u00e9charger le document<\/span><\/a>\t\t<\/div>\n\t\t\t\t<\/div>\n\t\t\t\t\t\t<\/div>\n\t\t\t\t\t<\/div>\n\t\t<\/div>\n\t\t\t\t\t\t\t\t<\/div>\n\t\t\t\t\t<\/div>\n\t\t<\/section>\n\t\t\t\t<section class=\"elementor-section elementor-top-section elementor-element elementor-element-5a6a4dd elementor-section-boxed elementor-section-height-default elementor-section-height-default\" data-id=\"5a6a4dd\" data-element_type=\"section\">\n\t\t\t\t\t\t<div class=\"elementor-container elementor-column-gap-no\">\n\t\t\t\t\t\t\t<div class=\"elementor-row\">\n\t\t\t\t\t<div class=\"aux-parallax-section elementor-column elementor-col-66 elementor-top-column elementor-element elementor-element-faad519\" data-id=\"faad519\" data-element_type=\"column\">\n\t\t\t<div class=\"elementor-column-wrap elementor-element-populated\">\n\t\t\t\t\t\t\t<div class=\"elementor-widget-wrap\">\n\t\t\t\t\t\t<div class=\"elementor-element elementor-element-02dc894 aux-appear-watch-animation aux-fade-in-right elementor-widget elementor-widget-aux_modern_heading\" data-id=\"02dc894\" data-element_type=\"widget\" data-widget_type=\"aux_modern_heading.default\">\n\t\t\t\t<div class=\"elementor-widget-container\">\n\t\t\t<section class=\"aux-widget-modern-heading\">\n            <div class=\"aux-widget-inner\"><div class=\"aux-modern-heading-divider\"><\/div><h6 class=\"aux-modern-heading-primary\">Histoire\n\n<\/h6><h6 class=\"aux-modern-heading-secondary\"><span class=\"aux-head-before\">Un service d&#039;excellence depuis 1992<\/span><\/h6><div class=\"aux-modern-heading-description\"><p>Tecnolam Srl a \u00e9t\u00e9 fond\u00e9e en 1992 dans le but d&#039;offrir un service d&#039;excellence dans le travail des m\u00e9taux, en d\u00e9veloppant une voie continue de croissance constante, qui, avec engagement et intuition, renforce l&#039;activit\u00e9 dans le secteur de la menuiserie.<\/p><\/div><\/div>\n        <\/section>\t\t<\/div>\n\t\t\t\t<\/div>\n\t\t\t\t<div class=\"elementor-element elementor-element-8ddc30e aux-appear-watch-animation aux-fade-in-up elementor-widget elementor-widget-text-editor\" data-id=\"8ddc30e\" data-element_type=\"widget\" data-widget_type=\"text-editor.default\">\n\t\t\t\t<div class=\"elementor-widget-container\">\n\t\t\t\t\t\t\t\t<div class=\"elementor-text-editor elementor-clearfix\">\n\t\t\t\t<p>Tecnolam Srl investit un pourcentage \u00e9lev\u00e9 de son chiffre d&#039;affaires dans l&#039;innovation, la mise \u00e0 jour et la formation du personnel.<\/p>\t\t\t\t\t<\/div>\n\t\t\t\t\t\t<\/div>\n\t\t\t\t<\/div>\n\t\t\t\t\t\t<\/div>\n\t\t\t\t\t<\/div>\n\t\t<\/div>\n\t\t\t\t<div class=\"aux-parallax-section elementor-column elementor-col-33 elementor-top-column elementor-element elementor-element-a5fc2a5\" data-id=\"a5fc2a5\" data-element_type=\"column\">\n\t\t\t<div class=\"elementor-column-wrap elementor-element-populated\">\n\t\t\t\t\t\t\t<div class=\"elementor-widget-wrap\">\n\t\t\t\t\t\t<div class=\"elementor-element elementor-element-1dadea6 elementor-widget elementor-widget-aux_image\" data-id=\"1dadea6\" data-element_type=\"widget\" data-widget_type=\"aux_image.default\">\n\t\t\t\t<div class=\"elementor-widget-container\">\n\t\t\t<section class=\"widget-container aux-widget-image aux-alignnone aux-parent-auad828921\" style=\"\" >\n    <div class=\"aux-media-hint-frame\">\n        <div class=\"aux-media-image\" >\n        \n            \n\n            \n            <img loading=\"lazy\" width=\"1000\" height=\"668\" src=\"https:\/\/www.tecnolam.it\/wp-content\/uploads\/2021\/01\/7505717.jpg\" class=\"aux-attachment aux-featured-image aux-attachment-id-422\" alt=\"_7505717\" srcset=\"https:\/\/www.tecnolam.it\/wp-content\/uploads\/2021\/01\/7505717-150x150.jpg 150w,https:\/\/www.tecnolam.it\/wp-content\/uploads\/2021\/01\/7505717-300x300.jpg 300w,https:\/\/www.tecnolam.it\/wp-content\/uploads\/2021\/01\/7505717-768x668.jpg 768w,https:\/\/www.tecnolam.it\/wp-content\/uploads\/2021\/01\/7505717.jpg 1000w\" data-ratio=\"1\" data-original-w=\"1000\" sizes=\"(max-width:479px) 480px,(max-width:767px) 768px,(max-width:1023px) 1024px,1000px\" \/>            \n                <\/div>\n    <\/div>\n\n<\/section><!-- widget-container -->\t\t<\/div>\n\t\t\t\t<\/div>\n\t\t\t\t\t\t<\/div>\n\t\t\t\t\t<\/div>\n\t\t<\/div>\n\t\t\t\t\t\t\t\t<\/div>\n\t\t\t\t\t<\/div>\n\t\t<\/section>\n\t\t\t\t<section class=\"elementor-section elementor-top-section elementor-element elementor-element-5310b9f elementor-section-content-middle elementor-section-boxed elementor-section-height-default elementor-section-height-default\" data-id=\"5310b9f\" data-element_type=\"section\" data-settings=\"{&quot;background_background&quot;:&quot;classic&quot;}\">\n\t\t\t\t\t\t\t<div class=\"elementor-background-overlay\"><\/div>\n\t\t\t\t\t\t\t<div class=\"elementor-container elementor-column-gap-no\">\n\t\t\t\t\t\t\t<div class=\"elementor-row\">\n\t\t\t\t\t<div class=\"aux-parallax-section elementor-column elementor-col-100 elementor-top-column elementor-element elementor-element-1646871\" data-id=\"1646871\" data-element_type=\"column\">\n\t\t\t<div class=\"elementor-column-wrap elementor-element-populated\">\n\t\t\t\t\t\t\t<div class=\"elementor-widget-wrap\">\n\t\t\t\t\t\t<div class=\"elementor-element elementor-element-3d968d9 aux-appear-watch-animation aux-fade-in-up elementor-hidden-tablet elementor-hidden-phone elementor-widget elementor-widget-testimonial\" data-id=\"3d968d9\" data-element_type=\"widget\" data-widget_type=\"testimonial.default\">\n\t\t\t\t<div class=\"elementor-widget-container\">\n\t\t\t\t\t<div class=\"elementor-testimonial-wrapper\">\n\t\t\t\t\t\t\t<div class=\"elementor-testimonial-content\"><div class=\"virgola\">,,<\/div>La qualit\u00e9 est ce que le client croit qu&#039;elle est<div class=\"virgola\">,,<\/div> <\/div>\n\t\t\t\n\t\t\t\t\t\t<div class=\"elementor-testimonial-meta\">\n\t\t\t\t<div class=\"elementor-testimonial-meta-inner\">\n\t\t\t\t\t\n\t\t\t\t\t\t\t\t\t\t<div class=\"elementor-testimonial-details\">\n\t\t\t\t\t\t\t\t\t\t\t\t\t\t\t\t\t\t\t\t<div class=\"elementor-testimonial-job\">Armand Feigenbaum<\/div>\n\t\t\t\t\t\t\t\t\t\t\t\t\t<\/div>\n\t\t\t\t\t\t\t\t\t<\/div>\n\t\t\t<\/div>\n\t\t\t\t\t<\/div>\n\t\t\t\t<\/div>\n\t\t\t\t<\/div>\n\t\t\t\t<div class=\"elementor-element elementor-element-9470778 aux-appear-watch-animation aux-fade-in-up elementor-hidden-desktop elementor-widget elementor-widget-testimonial\" data-id=\"9470778\" data-element_type=\"widget\" data-widget_type=\"testimonial.default\">\n\t\t\t\t<div class=\"elementor-widget-container\">\n\t\t\t\t\t<div class=\"elementor-testimonial-wrapper\">\n\t\t\t\t\t\t\t<div class=\"elementor-testimonial-content\"><div class=\"virgola\">,,<\/div><br>La qualit\u00e9 est ce que le client croit qu&#039;elle est<\/div>\n\t\t\t\n\t\t\t\t\t\t<div class=\"elementor-testimonial-meta\">\n\t\t\t\t<div class=\"elementor-testimonial-meta-inner\">\n\t\t\t\t\t\n\t\t\t\t\t\t\t\t\t\t<div class=\"elementor-testimonial-details\">\n\t\t\t\t\t\t\t\t\t\t\t\t\t\t\t\t\t\t\t\t<div class=\"elementor-testimonial-job\">Armand Feigenbaum<\/div>\n\t\t\t\t\t\t\t\t\t\t\t\t\t<\/div>\n\t\t\t\t\t\t\t\t\t<\/div>\n\t\t\t<\/div>\n\t\t\t\t\t<\/div>\n\t\t\t\t<\/div>\n\t\t\t\t<\/div>\n\t\t\t\t<div class=\"aux-parallax-piece elementor-element elementor-element-e39fc39 elementor-widget__width-auto elementor-widget elementor-widget-aux_image\" data-parallax-origin=\"middle\" data-parallax-depth=\"0.1\" data-parallax-off=\"1024\" data-id=\"e39fc39\" data-element_type=\"widget\" data-widget_type=\"aux_image.default\">\n\t\t\t\t<div class=\"elementor-widget-container\">\n\t\t\t<section class=\"widget-container aux-widget-image aux-alignnone aux-parent-aua00363e1\" style=\"\" >\n    <div class=\"aux-media-hint-frame\">\n        <div class=\"aux-media-image\" >\n        \n            \n\n            \n                        \n                <\/div>\n    <\/div>\n\n<\/section><!-- widget-container -->\t\t<\/div>\n\t\t\t\t<\/div>\n\t\t\t\t<div class=\"aux-parallax-piece elementor-element elementor-element-5e23ddd elementor-widget__width-auto elementor-widget elementor-widget-aux_image\" data-parallax-origin=\"middle\" data-parallax-depth=\"0.15\" data-parallax-off=\"1024\" data-id=\"5e23ddd\" data-element_type=\"widget\" data-widget_type=\"aux_image.default\">\n\t\t\t\t<div class=\"elementor-widget-container\">\n\t\t\t<section class=\"widget-container aux-widget-image aux-alignnone aux-parent-au5237f034\" style=\"\" >\n    <div class=\"aux-media-hint-frame\">\n        <div class=\"aux-media-image\" >\n        \n            \n\n            \n                        \n                <\/div>\n    <\/div>\n\n<\/section><!-- widget-container -->\t\t<\/div>\n\t\t\t\t<\/div>\n\t\t\t\t\t\t<\/div>\n\t\t\t\t\t<\/div>\n\t\t<\/div>\n\t\t\t\t\t\t\t\t<\/div>\n\t\t\t\t\t<\/div>\n\t\t<\/section>\n\t\t\t\t\t\t<\/div>\n\t\t\t\t\t\t<\/div>\n\t\t\t\t\t<\/div>","protected":false},"excerpt":{"rendered":"<p>Entreprise Nous innovons dans les processus de fabrication, avec la qualit\u00e9 habituelle TECNOLAM Srl est une entreprise d&#039;ing\u00e9nierie jeune et dynamique qui op\u00e8re depuis 1992 dans le secteur de la transformation de la t\u00f4le pour des tiers, produisant des produits de menuiserie, semi-finis et finis exclusivement sur commande. L&#039;entreprise couvre une superficie totale de 60 000 m\u00e8tres carr\u00e9s, [...]<\/p>","protected":false},"author":1,"featured_media":0,"parent":0,"menu_order":0,"comment_status":"closed","ping_status":"closed","template":"","meta":[],"_links":{"self":[{"href":"https:\/\/www.tecnolam.it\/fr\/wp-json\/wp\/v2\/pages\/143"}],"collection":[{"href":"https:\/\/www.tecnolam.it\/fr\/wp-json\/wp\/v2\/pages"}],"about":[{"href":"https:\/\/www.tecnolam.it\/fr\/wp-json\/wp\/v2\/types\/page"}],"author":[{"embeddable":true,"href":"https:\/\/www.tecnolam.it\/fr\/wp-json\/wp\/v2\/users\/1"}],"replies":[{"embeddable":true,"href":"https:\/\/www.tecnolam.it\/fr\/wp-json\/wp\/v2\/comments?post=143"}],"version-history":[{"count":8,"href":"https:\/\/www.tecnolam.it\/fr\/wp-json\/wp\/v2\/pages\/143\/revisions"}],"predecessor-version":[{"id":1567,"href":"https:\/\/www.tecnolam.it\/fr\/wp-json\/wp\/v2\/pages\/143\/revisions\/1567"}],"wp:attachment":[{"href":"https:\/\/www.tecnolam.it\/fr\/wp-json\/wp\/v2\/media?parent=143"}],"curies":[{"name":"wp","href":"https:\/\/api.w.org\/{rel}","templated":true}]}}