{"id":452,"date":"2021-01-04T17:47:44","date_gmt":"2021-01-04T16:47:44","guid":{"rendered":"https:\/\/www.tecnolam.it\/?page_id=452"},"modified":"2022-03-02T15:39:19","modified_gmt":"2022-03-02T14:39:19","slug":"montaggio","status":"publish","type":"page","link":"https:\/\/www.tecnolam.it\/de\/montaggio\/","title":{"rendered":"Montage"},"content":{"rendered":"<div data-elementor-type=\"wp-page\" data-elementor-id=\"452\" class=\"elementor elementor-452\" data-elementor-settings=\"[]\">\n\t\t\t\t\t\t<div class=\"elementor-inner\">\n\t\t\t\t\t\t\t<div class=\"elementor-section-wrap\">\n\t\t\t\t\t\t\t<section class=\"elementor-section elementor-top-section elementor-element elementor-element-1a10139 elementor-section-boxed elementor-section-height-default elementor-section-height-default\" data-id=\"1a10139\" data-element_type=\"section\">\n\t\t\t\t\t\t<div class=\"elementor-container elementor-column-gap-no\">\n\t\t\t\t\t\t\t<div class=\"elementor-row\">\n\t\t\t\t\t<div class=\"aux-parallax-section elementor-column elementor-col-66 elementor-top-column elementor-element elementor-element-5bd01e4d\" data-id=\"5bd01e4d\" data-element_type=\"column\">\n\t\t\t<div class=\"elementor-column-wrap elementor-element-populated\">\n\t\t\t\t\t\t\t<div class=\"elementor-widget-wrap\">\n\t\t\t\t\t\t<div class=\"elementor-element elementor-element-43afee3a aux-appear-watch-animation aux-fade-in-right elementor-widget elementor-widget-aux_modern_heading\" data-id=\"43afee3a\" data-element_type=\"widget\" data-widget_type=\"aux_modern_heading.default\">\n\t\t\t\t<div class=\"elementor-widget-container\">\n\t\t\t<section class=\"aux-widget-modern-heading\">\n            <div class=\"aux-widget-inner\"><div class=\"aux-modern-heading-divider\"><\/div><h2 class=\"aux-modern-heading-primary\">Dienstleistungen<\/h2><h1 class=\"aux-modern-heading-secondary\"><span class=\"aux-head-before\">Montage<\/span><\/h1><div class=\"aux-modern-heading-description\"><p>Das Unternehmen verf\u00fcgt \u00fcber einen gro\u00dfen Bereich, der der Montage und Montage von Produkten verschiedener Art gewidmet ist, sowohl mechanisch als auch elektrisch, wo der Kunde ein fertiges Produkt ben\u00f6tigt.<\/p><\/div><\/div>\n        <\/section>\t\t<\/div>\n\t\t\t\t<\/div>\n\t\t\t\t<div class=\"elementor-element elementor-element-7368eed3 aux-appear-watch-animation aux-fade-in-up elementor-widget elementor-widget-text-editor\" data-id=\"7368eed3\" data-element_type=\"widget\" data-widget_type=\"text-editor.default\">\n\t\t\t\t<div class=\"elementor-widget-container\">\n\t\t\t\t\t\t\t\t<div class=\"elementor-text-editor elementor-clearfix\">\n\t\t\t\t<p>Die Montage erfolgt mit hochwertigen Kleinteilen und Fachpersonal<\/p>\t\t\t\t\t<\/div>\n\t\t\t\t\t\t<\/div>\n\t\t\t\t<\/div>\n\t\t\t\t\t\t<\/div>\n\t\t\t\t\t<\/div>\n\t\t<\/div>\n\t\t\t\t<div class=\"aux-parallax-section elementor-column elementor-col-33 elementor-top-column elementor-element elementor-element-6223f0a6\" data-id=\"6223f0a6\" data-element_type=\"column\">\n\t\t\t<div class=\"elementor-column-wrap elementor-element-populated\">\n\t\t\t\t\t\t\t<div class=\"elementor-widget-wrap\">\n\t\t\t\t\t\t<div class=\"elementor-element elementor-element-2a321138 elementor-widget elementor-widget-aux_image\" data-id=\"2a321138\" data-element_type=\"widget\" data-widget_type=\"aux_image.default\">\n\t\t\t\t<div class=\"elementor-widget-container\">\n\t\t\t<section class=\"widget-container aux-widget-image aux-alignnone aux-parent-au4380f568\" style=\"\" >\n    <div class=\"aux-media-hint-frame\">\n        <div class=\"aux-media-image\" >\n        \n            \n\n            \n            <img loading=\"lazy\" width=\"1000\" height=\"668\" src=\"https:\/\/www.tecnolam.it\/wp-content\/uploads\/2021\/03\/7506473.jpg\" class=\"aux-attachment aux-featured-image aux-attachment-id-1047\" alt=\"_7506473\" srcset=\"https:\/\/www.tecnolam.it\/wp-content\/uploads\/2021\/03\/7506473-150x150.jpg 150w,https:\/\/www.tecnolam.it\/wp-content\/uploads\/2021\/03\/7506473-300x300.jpg 300w,https:\/\/www.tecnolam.it\/wp-content\/uploads\/2021\/03\/7506473-768x668.jpg 768w,https:\/\/www.tecnolam.it\/wp-content\/uploads\/2021\/03\/7506473.jpg 1000w\" data-ratio=\"1\" data-original-w=\"1000\" sizes=\"(max-width:479px) 480px,(max-width:767px) 768px,(max-width:1023px) 1024px,1000px\" \/>            \n                <\/div>\n    <\/div>\n\n<\/section><!-- widget-container -->\t\t<\/div>\n\t\t\t\t<\/div>\n\t\t\t\t\t\t<\/div>\n\t\t\t\t\t<\/div>\n\t\t<\/div>\n\t\t\t\t\t\t\t\t<\/div>\n\t\t\t\t\t<\/div>\n\t\t<\/section>\n\t\t\t\t<section class=\"elementor-section elementor-top-section elementor-element elementor-element-1f742a5 elementor-section-boxed elementor-section-height-default elementor-section-height-default\" data-id=\"1f742a5\" data-element_type=\"section\">\n\t\t\t\t\t\t<div class=\"elementor-container elementor-column-gap-default\">\n\t\t\t\t\t\t\t<div class=\"elementor-row\">\n\t\t\t\t\t<div class=\"aux-parallax-section elementor-column elementor-col-100 elementor-top-column elementor-element elementor-element-0c3f1d6\" data-id=\"0c3f1d6\" data-element_type=\"column\">\n\t\t\t<div class=\"elementor-column-wrap elementor-element-populated\">\n\t\t\t\t\t\t\t<div class=\"elementor-widget-wrap\">\n\t\t\t\t\t\t<div class=\"elementor-element elementor-element-d79be79 elementor-widget elementor-widget-aux-gallery\" data-id=\"d79be79\" data-element_type=\"widget\" data-widget_type=\"aux-gallery.default\">\n\t\t\t\t<div class=\"elementor-widget-container\">\n\t\t\t<section class=\"widget-container aux-widget-gallery aux-parent-aue21f422d\" style=\"\" ><div id='aux-gallery-1' class='aux-gallery galleryid-452 gallery-columns-3 aux-lightbox-gallery'><div class=\"aux-gallery-container aux-isotope-animated aux-row aux-de-col3 aux-tb-col2 aux-mb-col1 elementor-clickable aux-no-gutter aux-layout-masonry\"  data-pagination=\"false\" data-lazyload=\"false\" data-perpage=\"24\" data-layout=\"masonry\" data-space=\"10\" >    <figure class=\"gallery-item aux-hover-active aux-iso-item aux-col\">\n            <div class=\"aux-frame-mask-plain aux-frame-ratio\">\n                <a href=\"https:\/\/www.tecnolam.it\/wp-content\/uploads\/2021\/03\/7506465.jpg\" class=\"aux-frame-ratio-inner aux-frame-darken aux-lightbox-btn\" data-elementor-open-lightbox=\"no\" data-original-width=\"1000\" data-original-height=\"668\" data-caption=\"_7506465\">\n                                <div class=\"aux-hover-scale-circle-plus2\">\n                        <span class=\"aux-symbol-plus\"><\/span>\n                        <span class=\"aux-symbol-circle\"><\/span>\n                    <\/div>\n                        <img loading=\"lazy\" width=\"300\" height=\"300\" src=\"https:\/\/www.tecnolam.it\/wp-content\/uploads\/2021\/03\/7506465-300x300.jpg\" class=\"aux-attachment aux-featured-image attachment-300x300 aux-attachment-id-1048\" alt=\"_7506465\" srcset=\"https:\/\/www.tecnolam.it\/wp-content\/uploads\/2021\/03\/7506465-150x150.jpg 150w,https:\/\/www.tecnolam.it\/wp-content\/uploads\/2021\/03\/7506465-300x300.jpg 300w,https:\/\/www.tecnolam.it\/wp-content\/uploads\/2021\/03\/7506465-768x668.jpg 768w,https:\/\/www.tecnolam.it\/wp-content\/uploads\/2021\/03\/7506465-300x300.jpg 300w,https:\/\/www.tecnolam.it\/wp-content\/uploads\/2021\/03\/7506465-990x990.jpg 990w\" data-ratio=\"1\" data-original-w=\"1000\" sizes=\"(max-width:767px) 100vw,(min-width:768px) and (max-width:1025px) 50vw,513px\" \/>                <\/a>\n            <\/div>\n                <\/figure>\n    <figure class=\"gallery-item aux-hover-active aux-iso-item aux-col\">\n            <div class=\"aux-frame-mask-plain aux-frame-ratio\">\n                <a href=\"https:\/\/www.tecnolam.it\/wp-content\/uploads\/2021\/03\/7506515.jpg\" class=\"aux-frame-ratio-inner aux-frame-darken aux-lightbox-btn\" data-elementor-open-lightbox=\"no\" data-original-width=\"1000\" data-original-height=\"668\" data-caption=\"_7506515\">\n                                <div class=\"aux-hover-scale-circle-plus2\">\n                        <span class=\"aux-symbol-plus\"><\/span>\n                        <span class=\"aux-symbol-circle\"><\/span>\n                    <\/div>\n                        <img loading=\"lazy\" width=\"300\" height=\"300\" src=\"https:\/\/www.tecnolam.it\/wp-content\/uploads\/2021\/03\/7506515-300x300.jpg\" class=\"aux-attachment aux-featured-image attachment-300x300 aux-attachment-id-1049\" alt=\"_7506515\" srcset=\"https:\/\/www.tecnolam.it\/wp-content\/uploads\/2021\/03\/7506515-150x150.jpg 150w,https:\/\/www.tecnolam.it\/wp-content\/uploads\/2021\/03\/7506515-300x300.jpg 300w,https:\/\/www.tecnolam.it\/wp-content\/uploads\/2021\/03\/7506515-768x668.jpg 768w,https:\/\/www.tecnolam.it\/wp-content\/uploads\/2021\/03\/7506515-300x300.jpg 300w,https:\/\/www.tecnolam.it\/wp-content\/uploads\/2021\/03\/7506515-990x990.jpg 990w\" data-ratio=\"1\" data-original-w=\"1000\" sizes=\"(max-width:767px) 100vw,(min-width:768px) and (max-width:1025px) 50vw,513px\" \/>                <\/a>\n            <\/div>\n                <\/figure>\n    <figure class=\"gallery-item aux-hover-active aux-iso-item aux-col\">\n            <div class=\"aux-frame-mask-plain aux-frame-ratio\">\n                <a href=\"https:\/\/www.tecnolam.it\/wp-content\/uploads\/2021\/03\/7506524.jpg\" class=\"aux-frame-ratio-inner aux-frame-darken aux-lightbox-btn\" data-elementor-open-lightbox=\"no\" data-original-width=\"1000\" data-original-height=\"668\" data-caption=\"_7506524\">\n                                <div class=\"aux-hover-scale-circle-plus2\">\n                        <span class=\"aux-symbol-plus\"><\/span>\n                        <span class=\"aux-symbol-circle\"><\/span>\n                    <\/div>\n                        <img loading=\"lazy\" width=\"300\" height=\"300\" src=\"https:\/\/www.tecnolam.it\/wp-content\/uploads\/2021\/03\/7506524-300x300.jpg\" class=\"aux-attachment aux-featured-image attachment-300x300 aux-attachment-id-1050\" alt=\"_7506524\" srcset=\"https:\/\/www.tecnolam.it\/wp-content\/uploads\/2021\/03\/7506524-150x150.jpg 150w,https:\/\/www.tecnolam.it\/wp-content\/uploads\/2021\/03\/7506524-300x300.jpg 300w,https:\/\/www.tecnolam.it\/wp-content\/uploads\/2021\/03\/7506524-768x668.jpg 768w,https:\/\/www.tecnolam.it\/wp-content\/uploads\/2021\/03\/7506524-300x300.jpg 300w,https:\/\/www.tecnolam.it\/wp-content\/uploads\/2021\/03\/7506524-990x990.jpg 990w\" data-ratio=\"1\" data-original-w=\"1000\" sizes=\"(max-width:767px) 100vw,(min-width:768px) and (max-width:1025px) 50vw,513px\" \/>                <\/a>\n            <\/div>\n                <\/figure>\n    <figure class=\"gallery-item aux-hover-active aux-iso-item aux-col\">\n            <div class=\"aux-frame-mask-plain aux-frame-ratio\">\n                <a href=\"https:\/\/www.tecnolam.it\/wp-content\/uploads\/2021\/03\/Tecnolam-528-7472.jpg\" class=\"aux-frame-ratio-inner aux-frame-darken aux-lightbox-btn\" data-elementor-open-lightbox=\"no\" data-original-width=\"1000\" data-original-height=\"667\" data-caption=\"Tecnolam-528-7472\">\n                                <div class=\"aux-hover-scale-circle-plus2\">\n                        <span class=\"aux-symbol-plus\"><\/span>\n                        <span class=\"aux-symbol-circle\"><\/span>\n                    <\/div>\n                        <img loading=\"lazy\" width=\"300\" height=\"300\" src=\"https:\/\/www.tecnolam.it\/wp-content\/uploads\/2021\/03\/Tecnolam-528-7472-300x300.jpg\" class=\"aux-attachment aux-featured-image attachment-300x300 aux-attachment-id-1051\" alt=\"Tecnolam-528-7472\" srcset=\"https:\/\/www.tecnolam.it\/wp-content\/uploads\/2021\/03\/Tecnolam-528-7472-150x150.jpg 150w,https:\/\/www.tecnolam.it\/wp-content\/uploads\/2021\/03\/Tecnolam-528-7472-300x300.jpg 300w,https:\/\/www.tecnolam.it\/wp-content\/uploads\/2021\/03\/Tecnolam-528-7472-768x667.jpg 768w,https:\/\/www.tecnolam.it\/wp-content\/uploads\/2021\/03\/Tecnolam-528-7472-300x300.jpg 300w,https:\/\/www.tecnolam.it\/wp-content\/uploads\/2021\/03\/Tecnolam-528-7472-990x990.jpg 990w\" data-ratio=\"1\" data-original-w=\"1000\" sizes=\"(max-width:767px) 100vw,(min-width:768px) and (max-width:1025px) 50vw,513px\" \/>                <\/a>\n            <\/div>\n                <\/figure>\n    <figure class=\"gallery-item aux-hover-active aux-iso-item aux-col\">\n            <div class=\"aux-frame-mask-plain aux-frame-ratio\">\n                <a href=\"https:\/\/www.tecnolam.it\/wp-content\/uploads\/2021\/03\/WhatsApp-Image-2021-02-16-at-09.25.09-1.jpg\" class=\"aux-frame-ratio-inner aux-frame-darken aux-lightbox-btn\" data-elementor-open-lightbox=\"no\" data-original-width=\"1000\" data-original-height=\"750\" data-caption=\"WhatsApp Image 2021-02-16 at 09.25.09 (1)\">\n                                <div class=\"aux-hover-scale-circle-plus2\">\n                        <span class=\"aux-symbol-plus\"><\/span>\n                        <span class=\"aux-symbol-circle\"><\/span>\n                    <\/div>\n                        <img loading=\"lazy\" width=\"300\" height=\"300\" src=\"https:\/\/www.tecnolam.it\/wp-content\/uploads\/2021\/03\/WhatsApp-Image-2021-02-16-at-09.25.09-1-300x300.jpg\" class=\"aux-attachment aux-featured-image attachment-300x300 aux-attachment-id-1052\" alt=\"WhatsApp Image 2021-02-16 at 09.25.09 (1)\" srcset=\"https:\/\/www.tecnolam.it\/wp-content\/uploads\/2021\/03\/WhatsApp-Image-2021-02-16-at-09.25.09-1-150x150.jpg 150w,https:\/\/www.tecnolam.it\/wp-content\/uploads\/2021\/03\/WhatsApp-Image-2021-02-16-at-09.25.09-1-300x300.jpg 300w,https:\/\/www.tecnolam.it\/wp-content\/uploads\/2021\/03\/WhatsApp-Image-2021-02-16-at-09.25.09-1-768x750.jpg 768w,https:\/\/www.tecnolam.it\/wp-content\/uploads\/2021\/03\/WhatsApp-Image-2021-02-16-at-09.25.09-1-300x300.jpg 300w,https:\/\/www.tecnolam.it\/wp-content\/uploads\/2021\/03\/WhatsApp-Image-2021-02-16-at-09.25.09-1-990x990.jpg 990w\" data-ratio=\"1\" data-original-w=\"1000\" sizes=\"(max-width:767px) 100vw,(min-width:768px) and (max-width:1025px) 50vw,513px\" \/>                <\/a>\n            <\/div>\n                <\/figure>\n    <figure class=\"gallery-item aux-hover-active aux-iso-item aux-col\">\n            <div class=\"aux-frame-mask-plain aux-frame-ratio\">\n                <a href=\"https:\/\/www.tecnolam.it\/wp-content\/uploads\/2021\/03\/WhatsApp-Image-2021-02-16-at-09.25.07.jpg\" class=\"aux-frame-ratio-inner aux-frame-darken aux-lightbox-btn\" data-elementor-open-lightbox=\"no\" data-original-width=\"1000\" data-original-height=\"750\" data-caption=\"WhatsApp Image 2021-02-16 at 09.25.07\">\n                                <div class=\"aux-hover-scale-circle-plus2\">\n                        <span class=\"aux-symbol-plus\"><\/span>\n                        <span class=\"aux-symbol-circle\"><\/span>\n                    <\/div>\n                        <img loading=\"lazy\" width=\"300\" height=\"300\" src=\"https:\/\/www.tecnolam.it\/wp-content\/uploads\/2021\/03\/WhatsApp-Image-2021-02-16-at-09.25.07-300x300.jpg\" class=\"aux-attachment aux-featured-image attachment-300x300 aux-attachment-id-1053\" alt=\"WhatsApp Image 2021-02-16 at 09.25.07\" srcset=\"https:\/\/www.tecnolam.it\/wp-content\/uploads\/2021\/03\/WhatsApp-Image-2021-02-16-at-09.25.07-150x150.jpg 150w,https:\/\/www.tecnolam.it\/wp-content\/uploads\/2021\/03\/WhatsApp-Image-2021-02-16-at-09.25.07-300x300.jpg 300w,https:\/\/www.tecnolam.it\/wp-content\/uploads\/2021\/03\/WhatsApp-Image-2021-02-16-at-09.25.07-768x750.jpg 768w,https:\/\/www.tecnolam.it\/wp-content\/uploads\/2021\/03\/WhatsApp-Image-2021-02-16-at-09.25.07-300x300.jpg 300w,https:\/\/www.tecnolam.it\/wp-content\/uploads\/2021\/03\/WhatsApp-Image-2021-02-16-at-09.25.07-990x990.jpg 990w\" data-ratio=\"1\" data-original-w=\"1000\" sizes=\"(max-width:767px) 100vw,(min-width:768px) and (max-width:1025px) 50vw,513px\" \/>                <\/a>\n            <\/div>\n                <\/figure>\n    <figure class=\"gallery-item aux-hover-active aux-iso-item aux-col\">\n            <div class=\"aux-frame-mask-plain aux-frame-ratio\">\n                <a href=\"https:\/\/www.tecnolam.it\/wp-content\/uploads\/2021\/03\/7506387.jpg\" class=\"aux-frame-ratio-inner aux-frame-darken aux-lightbox-btn\" data-elementor-open-lightbox=\"no\" data-original-width=\"1000\" data-original-height=\"668\" data-caption=\"_7506387\">\n                                <div class=\"aux-hover-scale-circle-plus2\">\n                        <span class=\"aux-symbol-plus\"><\/span>\n                        <span class=\"aux-symbol-circle\"><\/span>\n                    <\/div>\n                        <img loading=\"lazy\" width=\"300\" height=\"300\" src=\"https:\/\/www.tecnolam.it\/wp-content\/uploads\/2021\/03\/7506387-300x300.jpg\" class=\"aux-attachment aux-featured-image attachment-300x300 aux-attachment-id-1065\" alt=\"_7506387\" srcset=\"https:\/\/www.tecnolam.it\/wp-content\/uploads\/2021\/03\/7506387-150x150.jpg 150w,https:\/\/www.tecnolam.it\/wp-content\/uploads\/2021\/03\/7506387-300x300.jpg 300w,https:\/\/www.tecnolam.it\/wp-content\/uploads\/2021\/03\/7506387-768x668.jpg 768w,https:\/\/www.tecnolam.it\/wp-content\/uploads\/2021\/03\/7506387-300x300.jpg 300w,https:\/\/www.tecnolam.it\/wp-content\/uploads\/2021\/03\/7506387-990x990.jpg 990w\" data-ratio=\"1\" data-original-w=\"1000\" sizes=\"(max-width:767px) 100vw,(min-width:768px) and (max-width:1025px) 50vw,513px\" \/>                <\/a>\n            <\/div>\n                <\/figure>\n    <figure class=\"gallery-item aux-hover-active aux-iso-item aux-col\">\n            <div class=\"aux-frame-mask-plain aux-frame-ratio\">\n                <a href=\"https:\/\/www.tecnolam.it\/wp-content\/uploads\/2021\/03\/montaggio-8.jpg\" class=\"aux-frame-ratio-inner aux-frame-darken aux-lightbox-btn\" data-elementor-open-lightbox=\"no\" data-original-width=\"1000\" data-original-height=\"750\" data-caption=\"montaggio-8\">\n                                <div class=\"aux-hover-scale-circle-plus2\">\n                        <span class=\"aux-symbol-plus\"><\/span>\n                        <span class=\"aux-symbol-circle\"><\/span>\n                    <\/div>\n                        <img loading=\"lazy\" width=\"300\" height=\"300\" src=\"https:\/\/www.tecnolam.it\/wp-content\/uploads\/2021\/03\/montaggio-8-300x300.jpg\" class=\"aux-attachment aux-featured-image attachment-300x300 aux-attachment-id-1148\" alt=\"montaggio-8\" srcset=\"https:\/\/www.tecnolam.it\/wp-content\/uploads\/2021\/03\/montaggio-8-150x150.jpg 150w,https:\/\/www.tecnolam.it\/wp-content\/uploads\/2021\/03\/montaggio-8-300x300.jpg 300w,https:\/\/www.tecnolam.it\/wp-content\/uploads\/2021\/03\/montaggio-8-768x750.jpg 768w,https:\/\/www.tecnolam.it\/wp-content\/uploads\/2021\/03\/montaggio-8-300x300.jpg 300w,https:\/\/www.tecnolam.it\/wp-content\/uploads\/2021\/03\/montaggio-8-990x990.jpg 990w\" data-ratio=\"1\" data-original-w=\"1000\" sizes=\"(max-width:767px) 100vw,(min-width:768px) and (max-width:1025px) 50vw,513px\" \/>                <\/a>\n            <\/div>\n                <\/figure>\n<\/div><\/div><\/section><!-- widget-container --><style>.aux-parent-aue21f422d .aux-frame-ratio { padding-bottom:75% }<\/style>\t\t<\/div>\n\t\t\t\t<\/div>\n\t\t\t\t\t\t<\/div>\n\t\t\t\t\t<\/div>\n\t\t<\/div>\n\t\t\t\t\t\t\t\t<\/div>\n\t\t\t\t\t<\/div>\n\t\t<\/section>\n\t\t\t\t\t\t<\/div>\n\t\t\t\t\t\t<\/div>\n\t\t\t\t\t<\/div>","protected":false},"excerpt":{"rendered":"<p>Montageservice Das Unternehmen verf\u00fcgt \u00fcber einen gro\u00dfen Bereich f\u00fcr die Montage und Montage verschiedener Arten von Produkten, sowohl mechanisch als auch elektrisch, wo der Kunde ein fertiges Produkt ben\u00f6tigt. Die Montage erfolgt mit hochwertigen Kleinteilen und Fachpersonal<\/p>","protected":false},"author":1,"featured_media":0,"parent":0,"menu_order":0,"comment_status":"closed","ping_status":"closed","template":"","meta":[],"_links":{"self":[{"href":"https:\/\/www.tecnolam.it\/de\/wp-json\/wp\/v2\/pages\/452"}],"collection":[{"href":"https:\/\/www.tecnolam.it\/de\/wp-json\/wp\/v2\/pages"}],"about":[{"href":"https:\/\/www.tecnolam.it\/de\/wp-json\/wp\/v2\/types\/page"}],"author":[{"embeddable":true,"href":"https:\/\/www.tecnolam.it\/de\/wp-json\/wp\/v2\/users\/1"}],"replies":[{"embeddable":true,"href":"https:\/\/www.tecnolam.it\/de\/wp-json\/wp\/v2\/comments?post=452"}],"version-history":[{"count":1,"href":"https:\/\/www.tecnolam.it\/de\/wp-json\/wp\/v2\/pages\/452\/revisions"}],"predecessor-version":[{"id":1506,"href":"https:\/\/www.tecnolam.it\/de\/wp-json\/wp\/v2\/pages\/452\/revisions\/1506"}],"wp:attachment":[{"href":"https:\/\/www.tecnolam.it\/de\/wp-json\/wp\/v2\/media?parent=452"}],"curies":[{"name":"wp","href":"https:\/\/api.w.org\/{rel}","templated":true}]}}