{"id":440,"date":"2021-01-04T17:45:10","date_gmt":"2021-01-04T16:45:10","guid":{"rendered":"https:\/\/www.tecnolam.it\/?page_id=440"},"modified":"2022-03-02T15:38:24","modified_gmt":"2022-03-02T14:38:24","slug":"stampaggio-imbutitura","status":"publish","type":"page","link":"https:\/\/www.tecnolam.it\/de\/stampaggio-imbutitura\/","title":{"rendered":"Stempeln und Zeichnen"},"content":{"rendered":"<div data-elementor-type=\"wp-page\" data-elementor-id=\"440\" class=\"elementor elementor-440\" data-elementor-settings=\"[]\">\n\t\t\t\t\t\t<div class=\"elementor-inner\">\n\t\t\t\t\t\t\t<div class=\"elementor-section-wrap\">\n\t\t\t\t\t\t\t<section class=\"elementor-section elementor-top-section elementor-element elementor-element-1a10139 elementor-section-boxed elementor-section-height-default elementor-section-height-default\" data-id=\"1a10139\" data-element_type=\"section\">\n\t\t\t\t\t\t<div class=\"elementor-container elementor-column-gap-no\">\n\t\t\t\t\t\t\t<div class=\"elementor-row\">\n\t\t\t\t\t<div class=\"aux-parallax-section elementor-column elementor-col-66 elementor-top-column elementor-element elementor-element-5bd01e4d\" data-id=\"5bd01e4d\" data-element_type=\"column\">\n\t\t\t<div class=\"elementor-column-wrap elementor-element-populated\">\n\t\t\t\t\t\t\t<div class=\"elementor-widget-wrap\">\n\t\t\t\t\t\t<div class=\"elementor-element elementor-element-43afee3a aux-appear-watch-animation aux-fade-in-right elementor-widget elementor-widget-aux_modern_heading\" data-id=\"43afee3a\" data-element_type=\"widget\" data-widget_type=\"aux_modern_heading.default\">\n\t\t\t\t<div class=\"elementor-widget-container\">\n\t\t\t<section class=\"aux-widget-modern-heading\">\n            <div class=\"aux-widget-inner\"><div class=\"aux-modern-heading-divider\"><\/div><h2 class=\"aux-modern-heading-primary\">Dienstleistungen<\/h2><h1 class=\"aux-modern-heading-secondary\"><span class=\"aux-head-before\">Stempeln und Zeichnen<\/span><\/h1><div class=\"aux-modern-heading-description\"><p>Hydraulische Presse mit <strong>Nennschub von 900 Tonnen. <\/strong>mit <strong>Arbeitsfl\u00e4che<\/strong> von <strong>3100 x 2230 mm<\/strong> mit herausnehmbarem Einlegeboden; Tischabmessungen des Blechhalters <strong>2500 x 1700 mm<\/strong> und Schubkissen <strong>Rohlingshalter ton. 500 mit 4 Zylindern<\/strong> mit unabh\u00e4ngiger Druckregulierung.<\/p><\/div><\/div>\n        <\/section>\t\t<\/div>\n\t\t\t\t<\/div>\n\t\t\t\t<div class=\"elementor-element elementor-element-7368eed3 aux-appear-watch-animation aux-fade-in-up elementor-widget elementor-widget-text-editor\" data-id=\"7368eed3\" data-element_type=\"widget\" data-widget_type=\"text-editor.default\">\n\t\t\t\t<div class=\"elementor-widget-container\">\n\t\t\t\t\t\t\t\t<div class=\"elementor-text-editor elementor-clearfix\">\n\t\t\t\t<p>Das Tiefziehen ist ein technologischer Prozess, bei dem ein Blech plastisch verformt wird und eine kastenf\u00f6rmige, zylindrische oder becherf\u00f6rmige Form annimmt<\/p>\t\t\t\t\t<\/div>\n\t\t\t\t\t\t<\/div>\n\t\t\t\t<\/div>\n\t\t\t\t\t\t<\/div>\n\t\t\t\t\t<\/div>\n\t\t<\/div>\n\t\t\t\t<div class=\"aux-parallax-section elementor-column elementor-col-33 elementor-top-column elementor-element elementor-element-6223f0a6\" data-id=\"6223f0a6\" data-element_type=\"column\">\n\t\t\t<div class=\"elementor-column-wrap elementor-element-populated\">\n\t\t\t\t\t\t\t<div class=\"elementor-widget-wrap\">\n\t\t\t\t\t\t<div class=\"elementor-element elementor-element-2a321138 elementor-widget elementor-widget-aux_image\" data-id=\"2a321138\" data-element_type=\"widget\" data-widget_type=\"aux_image.default\">\n\t\t\t\t<div class=\"elementor-widget-container\">\n\t\t\t<section class=\"widget-container aux-widget-image aux-alignnone aux-parent-au82ae0d0a\" style=\"\" >\n    <div class=\"aux-media-hint-frame\">\n        <div class=\"aux-media-image\" >\n        \n            \n\n            \n            <img loading=\"lazy\" width=\"668\" height=\"1000\" src=\"https:\/\/www.tecnolam.it\/wp-content\/uploads\/2021\/03\/Tecnolam-161-1680.jpg\" class=\"aux-attachment aux-featured-image aux-attachment-id-999\" alt=\"Tecnolam-161-1680\" srcset=\"https:\/\/www.tecnolam.it\/wp-content\/uploads\/2021\/03\/Tecnolam-161-1680-150x150.jpg 150w,https:\/\/www.tecnolam.it\/wp-content\/uploads\/2021\/03\/Tecnolam-161-1680-300x300.jpg 300w,https:\/\/www.tecnolam.it\/wp-content\/uploads\/2021\/03\/Tecnolam-161-1680.jpg 668w\" data-ratio=\"1\" data-original-w=\"668\" sizes=\"(max-width:479px) 480px,(max-width:767px) 768px,(max-width:1023px) 1024px,668px\" \/>            \n                <\/div>\n    <\/div>\n\n<\/section><!-- widget-container -->\t\t<\/div>\n\t\t\t\t<\/div>\n\t\t\t\t\t\t<\/div>\n\t\t\t\t\t<\/div>\n\t\t<\/div>\n\t\t\t\t\t\t\t\t<\/div>\n\t\t\t\t\t<\/div>\n\t\t<\/section>\n\t\t\t\t<section class=\"elementor-section elementor-top-section elementor-element elementor-element-1f742a5 elementor-section-boxed elementor-section-height-default elementor-section-height-default\" data-id=\"1f742a5\" data-element_type=\"section\">\n\t\t\t\t\t\t<div class=\"elementor-container elementor-column-gap-default\">\n\t\t\t\t\t\t\t<div class=\"elementor-row\">\n\t\t\t\t\t<div class=\"aux-parallax-section elementor-column elementor-col-100 elementor-top-column elementor-element elementor-element-0c3f1d6\" data-id=\"0c3f1d6\" data-element_type=\"column\">\n\t\t\t<div class=\"elementor-column-wrap elementor-element-populated\">\n\t\t\t\t\t\t\t<div class=\"elementor-widget-wrap\">\n\t\t\t\t\t\t<div class=\"elementor-element elementor-element-d79be79 elementor-widget elementor-widget-aux-gallery\" data-id=\"d79be79\" data-element_type=\"widget\" data-widget_type=\"aux-gallery.default\">\n\t\t\t\t<div class=\"elementor-widget-container\">\n\t\t\t<section class=\"widget-container aux-widget-gallery aux-parent-au9c17bd4d\" style=\"\" ><div id='aux-gallery-1' class='aux-gallery galleryid-440 gallery-columns-3 aux-lightbox-gallery'><div class=\"aux-gallery-container aux-isotope-animated aux-row aux-de-col3 aux-tb-col2 aux-mb-col1 elementor-clickable aux-no-gutter aux-layout-masonry\"  data-pagination=\"false\" data-lazyload=\"false\" data-perpage=\"24\" data-layout=\"masonry\" data-space=\"10\" >    <figure class=\"gallery-item aux-hover-active aux-iso-item aux-col\">\n            <div class=\"aux-frame-mask-plain aux-frame-ratio\">\n                <a href=\"https:\/\/www.tecnolam.it\/wp-content\/uploads\/2021\/01\/stampo.jpg\" class=\"aux-frame-ratio-inner aux-frame-darken aux-lightbox-btn\" data-elementor-open-lightbox=\"no\" data-original-width=\"1000\" data-original-height=\"668\" data-caption=\"stampo\">\n                                <div class=\"aux-hover-scale-circle-plus2\">\n                        <span class=\"aux-symbol-plus\"><\/span>\n                        <span class=\"aux-symbol-circle\"><\/span>\n                    <\/div>\n                        <img loading=\"lazy\" width=\"300\" height=\"300\" src=\"https:\/\/www.tecnolam.it\/wp-content\/uploads\/2021\/01\/stampo-300x300.jpg\" class=\"aux-attachment aux-featured-image attachment-300x300 aux-attachment-id-507\" alt=\"stampo\" srcset=\"https:\/\/www.tecnolam.it\/wp-content\/uploads\/2021\/01\/stampo-150x150.jpg 150w,https:\/\/www.tecnolam.it\/wp-content\/uploads\/2021\/01\/stampo-300x300.jpg 300w,https:\/\/www.tecnolam.it\/wp-content\/uploads\/2021\/01\/stampo-768x668.jpg 768w,https:\/\/www.tecnolam.it\/wp-content\/uploads\/2021\/01\/stampo-300x300.jpg 300w,https:\/\/www.tecnolam.it\/wp-content\/uploads\/2021\/01\/stampo-990x990.jpg 990w\" data-ratio=\"1\" data-original-w=\"1000\" sizes=\"(max-width:767px) 100vw,(min-width:768px) and (max-width:1025px) 50vw,513px\" \/>                <\/a>\n            <\/div>\n                <\/figure>\n    <figure class=\"gallery-item aux-hover-active aux-iso-item aux-col\">\n            <div class=\"aux-frame-mask-plain aux-frame-ratio\">\n                <a href=\"https:\/\/www.tecnolam.it\/wp-content\/uploads\/2021\/03\/7506644.jpg\" class=\"aux-frame-ratio-inner aux-frame-darken aux-lightbox-btn\" data-elementor-open-lightbox=\"no\" data-original-width=\"1000\" data-original-height=\"668\" data-caption=\"_7506644\">\n                                <div class=\"aux-hover-scale-circle-plus2\">\n                        <span class=\"aux-symbol-plus\"><\/span>\n                        <span class=\"aux-symbol-circle\"><\/span>\n                    <\/div>\n                        <img loading=\"lazy\" width=\"300\" height=\"300\" src=\"https:\/\/www.tecnolam.it\/wp-content\/uploads\/2021\/03\/7506644-300x300.jpg\" class=\"aux-attachment aux-featured-image attachment-300x300 aux-attachment-id-1000\" alt=\"_7506644\" srcset=\"https:\/\/www.tecnolam.it\/wp-content\/uploads\/2021\/03\/7506644-150x150.jpg 150w,https:\/\/www.tecnolam.it\/wp-content\/uploads\/2021\/03\/7506644-300x300.jpg 300w,https:\/\/www.tecnolam.it\/wp-content\/uploads\/2021\/03\/7506644-768x668.jpg 768w,https:\/\/www.tecnolam.it\/wp-content\/uploads\/2021\/03\/7506644-300x300.jpg 300w,https:\/\/www.tecnolam.it\/wp-content\/uploads\/2021\/03\/7506644-990x990.jpg 990w\" data-ratio=\"1\" data-original-w=\"1000\" sizes=\"(max-width:767px) 100vw,(min-width:768px) and (max-width:1025px) 50vw,513px\" \/>                <\/a>\n            <\/div>\n                <\/figure>\n    <figure class=\"gallery-item aux-hover-active aux-iso-item aux-col\">\n            <div class=\"aux-frame-mask-plain aux-frame-ratio\">\n                <a href=\"https:\/\/www.tecnolam.it\/wp-content\/uploads\/2021\/03\/7505956ok.jpg\" class=\"aux-frame-ratio-inner aux-frame-darken aux-lightbox-btn\" data-elementor-open-lightbox=\"no\" data-original-width=\"1000\" data-original-height=\"668\" data-caption=\"_7505956ok\">\n                                <div class=\"aux-hover-scale-circle-plus2\">\n                        <span class=\"aux-symbol-plus\"><\/span>\n                        <span class=\"aux-symbol-circle\"><\/span>\n                    <\/div>\n                        <img loading=\"lazy\" width=\"300\" height=\"300\" src=\"https:\/\/www.tecnolam.it\/wp-content\/uploads\/2021\/03\/7505956ok-300x300.jpg\" class=\"aux-attachment aux-featured-image attachment-300x300 aux-attachment-id-1001\" alt=\"_7505956ok\" srcset=\"https:\/\/www.tecnolam.it\/wp-content\/uploads\/2021\/03\/7505956ok-150x150.jpg 150w,https:\/\/www.tecnolam.it\/wp-content\/uploads\/2021\/03\/7505956ok-300x300.jpg 300w,https:\/\/www.tecnolam.it\/wp-content\/uploads\/2021\/03\/7505956ok-768x668.jpg 768w,https:\/\/www.tecnolam.it\/wp-content\/uploads\/2021\/03\/7505956ok-300x300.jpg 300w,https:\/\/www.tecnolam.it\/wp-content\/uploads\/2021\/03\/7505956ok-990x990.jpg 990w\" data-ratio=\"1\" data-original-w=\"1000\" sizes=\"(max-width:767px) 100vw,(min-width:768px) and (max-width:1025px) 50vw,513px\" \/>                <\/a>\n            <\/div>\n                <\/figure>\n    <figure class=\"gallery-item aux-hover-active aux-iso-item aux-col\">\n            <div class=\"aux-frame-mask-plain aux-frame-ratio\">\n                <a href=\"https:\/\/www.tecnolam.it\/wp-content\/uploads\/2021\/03\/7505959OK.jpg\" class=\"aux-frame-ratio-inner aux-frame-darken aux-lightbox-btn\" data-elementor-open-lightbox=\"no\" data-original-width=\"1000\" data-original-height=\"668\" data-caption=\"_7505959OK\">\n                                <div class=\"aux-hover-scale-circle-plus2\">\n                        <span class=\"aux-symbol-plus\"><\/span>\n                        <span class=\"aux-symbol-circle\"><\/span>\n                    <\/div>\n                        <img loading=\"lazy\" width=\"300\" height=\"300\" src=\"https:\/\/www.tecnolam.it\/wp-content\/uploads\/2021\/03\/7505959OK-300x300.jpg\" class=\"aux-attachment aux-featured-image attachment-300x300 aux-attachment-id-1002\" alt=\"_7505959OK\" srcset=\"https:\/\/www.tecnolam.it\/wp-content\/uploads\/2021\/03\/7505959OK-150x150.jpg 150w,https:\/\/www.tecnolam.it\/wp-content\/uploads\/2021\/03\/7505959OK-300x300.jpg 300w,https:\/\/www.tecnolam.it\/wp-content\/uploads\/2021\/03\/7505959OK-768x668.jpg 768w,https:\/\/www.tecnolam.it\/wp-content\/uploads\/2021\/03\/7505959OK-300x300.jpg 300w,https:\/\/www.tecnolam.it\/wp-content\/uploads\/2021\/03\/7505959OK-990x990.jpg 990w\" data-ratio=\"1\" data-original-w=\"1000\" sizes=\"(max-width:767px) 100vw,(min-width:768px) and (max-width:1025px) 50vw,513px\" \/>                <\/a>\n            <\/div>\n                <\/figure>\n    <figure class=\"gallery-item aux-hover-active aux-iso-item aux-col\">\n            <div class=\"aux-frame-mask-plain aux-frame-ratio\">\n                <a href=\"https:\/\/www.tecnolam.it\/wp-content\/uploads\/2021\/03\/7505951.jpg\" class=\"aux-frame-ratio-inner aux-frame-darken aux-lightbox-btn\" data-elementor-open-lightbox=\"no\" data-original-width=\"1000\" data-original-height=\"668\" data-caption=\"_7505951\">\n                                <div class=\"aux-hover-scale-circle-plus2\">\n                        <span class=\"aux-symbol-plus\"><\/span>\n                        <span class=\"aux-symbol-circle\"><\/span>\n                    <\/div>\n                        <img loading=\"lazy\" width=\"300\" height=\"300\" src=\"https:\/\/www.tecnolam.it\/wp-content\/uploads\/2021\/03\/7505951-300x300.jpg\" class=\"aux-attachment aux-featured-image attachment-300x300 aux-attachment-id-1003\" alt=\"_7505951\" srcset=\"https:\/\/www.tecnolam.it\/wp-content\/uploads\/2021\/03\/7505951-150x150.jpg 150w,https:\/\/www.tecnolam.it\/wp-content\/uploads\/2021\/03\/7505951-300x300.jpg 300w,https:\/\/www.tecnolam.it\/wp-content\/uploads\/2021\/03\/7505951-768x668.jpg 768w,https:\/\/www.tecnolam.it\/wp-content\/uploads\/2021\/03\/7505951-300x300.jpg 300w,https:\/\/www.tecnolam.it\/wp-content\/uploads\/2021\/03\/7505951-990x990.jpg 990w\" data-ratio=\"1\" data-original-w=\"1000\" sizes=\"(max-width:767px) 100vw,(min-width:768px) and (max-width:1025px) 50vw,513px\" \/>                <\/a>\n            <\/div>\n                <\/figure>\n<\/div><\/div><\/section><!-- widget-container --><style>.aux-parent-au9c17bd4d .aux-frame-ratio { padding-bottom:75% }<\/style>\t\t<\/div>\n\t\t\t\t<\/div>\n\t\t\t\t\t\t<\/div>\n\t\t\t\t\t<\/div>\n\t\t<\/div>\n\t\t\t\t\t\t\t\t<\/div>\n\t\t\t\t\t<\/div>\n\t\t<\/section>\n\t\t\t\t\t\t<\/div>\n\t\t\t\t\t\t<\/div>\n\t\t\t\t\t<\/div>","protected":false},"excerpt":{"rendered":"<p>Dienstleistungen Stanzen und Ziehen Hydraulische Presse mit einer Nennkraft von 900 Tonnen. mit 3100 \u00d7 2230 mm Arbeitsplatte mit abnehmbarer Platte; Blechhalter-Ebene Abmessungen 2500 \u00d7 1700 mm und Blechhalter-Polsterschub Tonne. 500 mit 4 Zylindern mit unabh\u00e4ngiger Druckregulierung. Das Tiefziehen ist ein technologisches Verfahren, bei dem ein Blech plastisch verformt [...]<\/p>","protected":false},"author":1,"featured_media":0,"parent":0,"menu_order":0,"comment_status":"closed","ping_status":"closed","template":"","meta":[],"_links":{"self":[{"href":"https:\/\/www.tecnolam.it\/de\/wp-json\/wp\/v2\/pages\/440"}],"collection":[{"href":"https:\/\/www.tecnolam.it\/de\/wp-json\/wp\/v2\/pages"}],"about":[{"href":"https:\/\/www.tecnolam.it\/de\/wp-json\/wp\/v2\/types\/page"}],"author":[{"embeddable":true,"href":"https:\/\/www.tecnolam.it\/de\/wp-json\/wp\/v2\/users\/1"}],"replies":[{"embeddable":true,"href":"https:\/\/www.tecnolam.it\/de\/wp-json\/wp\/v2\/comments?post=440"}],"version-history":[{"count":1,"href":"https:\/\/www.tecnolam.it\/de\/wp-json\/wp\/v2\/pages\/440\/revisions"}],"predecessor-version":[{"id":1501,"href":"https:\/\/www.tecnolam.it\/de\/wp-json\/wp\/v2\/pages\/440\/revisions\/1501"}],"wp:attachment":[{"href":"https:\/\/www.tecnolam.it\/de\/wp-json\/wp\/v2\/media?parent=440"}],"curies":[{"name":"wp","href":"https:\/\/api.w.org\/{rel}","templated":true}]}}