{"id":342,"date":"2020-12-16T17:04:44","date_gmt":"2020-12-16T16:04:44","guid":{"rendered":"https:\/\/www.tecnolam.it\/?page_id=342"},"modified":"2022-03-02T15:38:35","modified_gmt":"2022-03-02T14:38:35","slug":"progettazione","status":"publish","type":"page","link":"https:\/\/www.tecnolam.it\/de\/progettazione\/","title":{"rendered":"Design"},"content":{"rendered":"<div data-elementor-type=\"wp-page\" data-elementor-id=\"342\" class=\"elementor elementor-342\" data-elementor-settings=\"[]\">\n\t\t\t\t\t\t<div class=\"elementor-inner\">\n\t\t\t\t\t\t\t<div class=\"elementor-section-wrap\">\n\t\t\t\t\t\t\t<section class=\"elementor-section elementor-top-section elementor-element elementor-element-1a10139 elementor-section-boxed elementor-section-height-default elementor-section-height-default\" data-id=\"1a10139\" data-element_type=\"section\">\n\t\t\t\t\t\t<div class=\"elementor-container elementor-column-gap-no\">\n\t\t\t\t\t\t\t<div class=\"elementor-row\">\n\t\t\t\t\t<div class=\"aux-parallax-section elementor-column elementor-col-66 elementor-top-column elementor-element elementor-element-5bd01e4d\" data-id=\"5bd01e4d\" data-element_type=\"column\">\n\t\t\t<div class=\"elementor-column-wrap elementor-element-populated\">\n\t\t\t\t\t\t\t<div class=\"elementor-widget-wrap\">\n\t\t\t\t\t\t<div class=\"elementor-element elementor-element-43afee3a aux-appear-watch-animation aux-fade-in-right elementor-widget elementor-widget-aux_modern_heading\" data-id=\"43afee3a\" data-element_type=\"widget\" data-widget_type=\"aux_modern_heading.default\">\n\t\t\t\t<div class=\"elementor-widget-container\">\n\t\t\t<section class=\"aux-widget-modern-heading\">\n            <div class=\"aux-widget-inner\"><div class=\"aux-modern-heading-divider\"><\/div><h2 class=\"aux-modern-heading-primary\">Dienstleistungen<\/h2><h1 class=\"aux-modern-heading-secondary\"><span class=\"aux-head-before\">Studieren und Gestalten<\/span><\/h1><div class=\"aux-modern-heading-description\"><p>Wir haben ein technisches B\u00fcro, das sich dem 3D-Design widmet, das von der Produktidee bis zur Entwicklung der verschiedenen Komponenten beginnt und die LEISTUNGSF\u00c4HIGsten Produktionsmethoden definiert. Auf diese Weise werden die Projektvarianten einfach und automatisch analysiert und die optimalen L\u00f6sungen f\u00fcr unsere Kunden identifiziert.<\/p><\/div><\/div>\n        <\/section>\t\t<\/div>\n\t\t\t\t<\/div>\n\t\t\t\t<div class=\"elementor-element elementor-element-7368eed3 aux-appear-watch-animation aux-fade-in-up elementor-widget elementor-widget-text-editor\" data-id=\"7368eed3\" data-element_type=\"widget\" data-widget_type=\"text-editor.default\">\n\t\t\t\t<div class=\"elementor-widget-container\">\n\t\t\t\t\t\t\t\t<div class=\"elementor-text-editor elementor-clearfix\">\n\t\t\t\t<p>In den Konstruktionsb\u00fcros von TECNOLAM entsteht die Produktidee<\/p>\t\t\t\t\t<\/div>\n\t\t\t\t\t\t<\/div>\n\t\t\t\t<\/div>\n\t\t\t\t\t\t<\/div>\n\t\t\t\t\t<\/div>\n\t\t<\/div>\n\t\t\t\t<div class=\"aux-parallax-section elementor-column elementor-col-33 elementor-top-column elementor-element elementor-element-6223f0a6\" data-id=\"6223f0a6\" data-element_type=\"column\">\n\t\t\t<div class=\"elementor-column-wrap elementor-element-populated\">\n\t\t\t\t\t\t\t<div class=\"elementor-widget-wrap\">\n\t\t\t\t\t\t<div class=\"elementor-element elementor-element-2a321138 elementor-widget elementor-widget-aux_image\" data-id=\"2a321138\" data-element_type=\"widget\" data-widget_type=\"aux_image.default\">\n\t\t\t\t<div class=\"elementor-widget-container\">\n\t\t\t<section class=\"widget-container aux-widget-image aux-alignnone aux-parent-au612e4088\" style=\"\" >\n    <div class=\"aux-media-hint-frame\">\n        <div class=\"aux-media-image\" >\n        \n            \n\n            \n            <img loading=\"lazy\" width=\"1000\" height=\"750\" src=\"https:\/\/www.tecnolam.it\/wp-content\/uploads\/2021\/02\/progetto_1.jpg\" class=\"aux-attachment aux-featured-image aux-attachment-id-812\" alt=\"progetto_1\" srcset=\"https:\/\/www.tecnolam.it\/wp-content\/uploads\/2021\/02\/progetto_1-150x150.jpg 150w,https:\/\/www.tecnolam.it\/wp-content\/uploads\/2021\/02\/progetto_1-300x300.jpg 300w,https:\/\/www.tecnolam.it\/wp-content\/uploads\/2021\/02\/progetto_1-768x750.jpg 768w,https:\/\/www.tecnolam.it\/wp-content\/uploads\/2021\/02\/progetto_1.jpg 1000w\" data-ratio=\"1\" data-original-w=\"1000\" sizes=\"(max-width:479px) 480px,(max-width:767px) 768px,(max-width:1023px) 1024px,1000px\" \/>            \n                <\/div>\n    <\/div>\n\n<\/section><!-- widget-container -->\t\t<\/div>\n\t\t\t\t<\/div>\n\t\t\t\t\t\t<\/div>\n\t\t\t\t\t<\/div>\n\t\t<\/div>\n\t\t\t\t\t\t\t\t<\/div>\n\t\t\t\t\t<\/div>\n\t\t<\/section>\n\t\t\t\t<section class=\"elementor-section elementor-top-section elementor-element elementor-element-1f742a5 elementor-section-boxed elementor-section-height-default elementor-section-height-default\" data-id=\"1f742a5\" data-element_type=\"section\">\n\t\t\t\t\t\t<div class=\"elementor-container elementor-column-gap-default\">\n\t\t\t\t\t\t\t<div class=\"elementor-row\">\n\t\t\t\t\t<div class=\"aux-parallax-section elementor-column elementor-col-100 elementor-top-column elementor-element elementor-element-0c3f1d6\" data-id=\"0c3f1d6\" data-element_type=\"column\">\n\t\t\t<div class=\"elementor-column-wrap elementor-element-populated\">\n\t\t\t\t\t\t\t<div class=\"elementor-widget-wrap\">\n\t\t\t\t\t\t<div class=\"elementor-element elementor-element-d79be79 elementor-widget elementor-widget-aux-gallery\" data-id=\"d79be79\" data-element_type=\"widget\" data-widget_type=\"aux-gallery.default\">\n\t\t\t\t<div class=\"elementor-widget-container\">\n\t\t\t<section class=\"widget-container aux-widget-gallery aux-parent-au2f86c2e3\" style=\"\" ><div id='aux-gallery-1' class='aux-gallery galleryid-342 gallery-columns-3 aux-lightbox-gallery'><div class=\"aux-gallery-container aux-isotope-animated aux-row aux-de-col3 aux-tb-col2 aux-mb-col1 elementor-clickable aux-no-gutter aux-layout-masonry\"  data-pagination=\"false\" data-lazyload=\"false\" data-perpage=\"24\" data-layout=\"masonry\" data-space=\"10\" >    <figure class=\"gallery-item aux-hover-active aux-iso-item aux-col\">\n            <div class=\"aux-frame-mask-plain aux-frame-ratio\">\n                <a href=\"https:\/\/www.tecnolam.it\/wp-content\/uploads\/2021\/03\/7505944.jpg\" class=\"aux-frame-ratio-inner aux-frame-darken aux-lightbox-btn\" data-elementor-open-lightbox=\"no\" data-original-width=\"1000\" data-original-height=\"668\" data-caption=\"_7505944\">\n                                <div class=\"aux-hover-scale-circle-plus2\">\n                        <span class=\"aux-symbol-plus\"><\/span>\n                        <span class=\"aux-symbol-circle\"><\/span>\n                    <\/div>\n                        <img loading=\"lazy\" width=\"300\" height=\"300\" src=\"https:\/\/www.tecnolam.it\/wp-content\/uploads\/2021\/03\/7505944-300x300.jpg\" class=\"aux-attachment aux-featured-image attachment-300x300 aux-attachment-id-963\" alt=\"_7505944\" srcset=\"https:\/\/www.tecnolam.it\/wp-content\/uploads\/2021\/03\/7505944-150x150.jpg 150w,https:\/\/www.tecnolam.it\/wp-content\/uploads\/2021\/03\/7505944-300x300.jpg 300w,https:\/\/www.tecnolam.it\/wp-content\/uploads\/2021\/03\/7505944-768x668.jpg 768w,https:\/\/www.tecnolam.it\/wp-content\/uploads\/2021\/03\/7505944-300x300.jpg 300w,https:\/\/www.tecnolam.it\/wp-content\/uploads\/2021\/03\/7505944-990x990.jpg 990w\" data-ratio=\"1\" data-original-w=\"1000\" sizes=\"(max-width:767px) 100vw,(min-width:768px) and (max-width:1025px) 50vw,513px\" \/>                <\/a>\n            <\/div>\n                <\/figure>\n    <figure class=\"gallery-item aux-hover-active aux-iso-item aux-col\">\n            <div class=\"aux-frame-mask-plain aux-frame-ratio\">\n                <a href=\"https:\/\/www.tecnolam.it\/wp-content\/uploads\/2021\/02\/progetto_2.jpg\" class=\"aux-frame-ratio-inner aux-frame-darken aux-lightbox-btn\" data-elementor-open-lightbox=\"no\" data-original-width=\"1000\" data-original-height=\"750\" data-caption=\"progetto_2\">\n                                <div class=\"aux-hover-scale-circle-plus2\">\n                        <span class=\"aux-symbol-plus\"><\/span>\n                        <span class=\"aux-symbol-circle\"><\/span>\n                    <\/div>\n                        <img loading=\"lazy\" width=\"300\" height=\"300\" src=\"https:\/\/www.tecnolam.it\/wp-content\/uploads\/2021\/02\/progetto_2-300x300.jpg\" class=\"aux-attachment aux-featured-image attachment-300x300 aux-attachment-id-813\" alt=\"progetto_2\" srcset=\"https:\/\/www.tecnolam.it\/wp-content\/uploads\/2021\/02\/progetto_2-150x150.jpg 150w,https:\/\/www.tecnolam.it\/wp-content\/uploads\/2021\/02\/progetto_2-300x300.jpg 300w,https:\/\/www.tecnolam.it\/wp-content\/uploads\/2021\/02\/progetto_2-768x750.jpg 768w,https:\/\/www.tecnolam.it\/wp-content\/uploads\/2021\/02\/progetto_2-300x300.jpg 300w,https:\/\/www.tecnolam.it\/wp-content\/uploads\/2021\/02\/progetto_2-990x990.jpg 990w\" data-ratio=\"1\" data-original-w=\"1000\" sizes=\"(max-width:767px) 100vw,(min-width:768px) and (max-width:1025px) 50vw,513px\" \/>                <\/a>\n            <\/div>\n                <\/figure>\n    <figure class=\"gallery-item aux-hover-active aux-iso-item aux-col\">\n            <div class=\"aux-frame-mask-plain aux-frame-ratio\">\n                <a href=\"https:\/\/www.tecnolam.it\/wp-content\/uploads\/2021\/03\/7505932.jpg\" class=\"aux-frame-ratio-inner aux-frame-darken aux-lightbox-btn\" data-elementor-open-lightbox=\"no\" data-original-width=\"1000\" data-original-height=\"668\" data-caption=\"_7505932\">\n                                <div class=\"aux-hover-scale-circle-plus2\">\n                        <span class=\"aux-symbol-plus\"><\/span>\n                        <span class=\"aux-symbol-circle\"><\/span>\n                    <\/div>\n                        <img loading=\"lazy\" width=\"300\" height=\"300\" src=\"https:\/\/www.tecnolam.it\/wp-content\/uploads\/2021\/03\/7505932-300x300.jpg\" class=\"aux-attachment aux-featured-image attachment-300x300 aux-attachment-id-964\" alt=\"_7505932\" srcset=\"https:\/\/www.tecnolam.it\/wp-content\/uploads\/2021\/03\/7505932-150x150.jpg 150w,https:\/\/www.tecnolam.it\/wp-content\/uploads\/2021\/03\/7505932-300x300.jpg 300w,https:\/\/www.tecnolam.it\/wp-content\/uploads\/2021\/03\/7505932-768x668.jpg 768w,https:\/\/www.tecnolam.it\/wp-content\/uploads\/2021\/03\/7505932-300x300.jpg 300w,https:\/\/www.tecnolam.it\/wp-content\/uploads\/2021\/03\/7505932-990x990.jpg 990w\" data-ratio=\"1\" data-original-w=\"1000\" sizes=\"(max-width:767px) 100vw,(min-width:768px) and (max-width:1025px) 50vw,513px\" \/>                <\/a>\n            <\/div>\n                <\/figure>\n    <figure class=\"gallery-item aux-hover-active aux-iso-item aux-col\">\n            <div class=\"aux-frame-mask-plain aux-frame-ratio\">\n                <a href=\"https:\/\/www.tecnolam.it\/wp-content\/uploads\/2021\/03\/7505665.jpg\" class=\"aux-frame-ratio-inner aux-frame-darken aux-lightbox-btn\" data-elementor-open-lightbox=\"no\" data-original-width=\"1000\" data-original-height=\"750\" data-caption=\"_7505665\">\n                                <div class=\"aux-hover-scale-circle-plus2\">\n                        <span class=\"aux-symbol-plus\"><\/span>\n                        <span class=\"aux-symbol-circle\"><\/span>\n                    <\/div>\n                        <img loading=\"lazy\" width=\"300\" height=\"300\" src=\"https:\/\/www.tecnolam.it\/wp-content\/uploads\/2021\/03\/7505665-300x300.jpg\" class=\"aux-attachment aux-featured-image attachment-300x300 aux-attachment-id-968\" alt=\"_7505665\" srcset=\"https:\/\/www.tecnolam.it\/wp-content\/uploads\/2021\/03\/7505665-150x150.jpg 150w,https:\/\/www.tecnolam.it\/wp-content\/uploads\/2021\/03\/7505665-300x300.jpg 300w,https:\/\/www.tecnolam.it\/wp-content\/uploads\/2021\/03\/7505665-768x750.jpg 768w,https:\/\/www.tecnolam.it\/wp-content\/uploads\/2021\/03\/7505665-300x300.jpg 300w,https:\/\/www.tecnolam.it\/wp-content\/uploads\/2021\/03\/7505665-990x990.jpg 990w\" data-ratio=\"1\" data-original-w=\"1000\" sizes=\"(max-width:767px) 100vw,(min-width:768px) and (max-width:1025px) 50vw,513px\" \/>                <\/a>\n            <\/div>\n                <\/figure>\n<\/div><\/div><\/section><!-- widget-container --><style>.aux-parent-au2f86c2e3 .aux-frame-ratio { padding-bottom:75% }<\/style>\t\t<\/div>\n\t\t\t\t<\/div>\n\t\t\t\t\t\t<\/div>\n\t\t\t\t\t<\/div>\n\t\t<\/div>\n\t\t\t\t\t\t\t\t<\/div>\n\t\t\t\t\t<\/div>\n\t\t<\/section>\n\t\t\t\t\t\t<\/div>\n\t\t\t\t\t\t<\/div>\n\t\t\t\t\t<\/div>","protected":false},"excerpt":{"rendered":"<p>Dienstleistungen Studie und Design Wir haben ein technisches B\u00fcro, das sich dem 3D-Design widmet, das von der Produktidee bis zur Entwicklung der verschiedenen Komponenten beginnt und die LEISTUNGSF\u00c4HIGsten Produktionsmethoden definiert. Auf diese Weise werden die Projektvarianten einfach und automatisch analysiert und die optimalen L\u00f6sungen f\u00fcr unsere Kunden identifiziert. In den B\u00fcros [...]<\/p>","protected":false},"author":1,"featured_media":0,"parent":0,"menu_order":0,"comment_status":"closed","ping_status":"closed","template":"","meta":[],"_links":{"self":[{"href":"https:\/\/www.tecnolam.it\/de\/wp-json\/wp\/v2\/pages\/342"}],"collection":[{"href":"https:\/\/www.tecnolam.it\/de\/wp-json\/wp\/v2\/pages"}],"about":[{"href":"https:\/\/www.tecnolam.it\/de\/wp-json\/wp\/v2\/types\/page"}],"author":[{"embeddable":true,"href":"https:\/\/www.tecnolam.it\/de\/wp-json\/wp\/v2\/users\/1"}],"replies":[{"embeddable":true,"href":"https:\/\/www.tecnolam.it\/de\/wp-json\/wp\/v2\/comments?post=342"}],"version-history":[{"count":1,"href":"https:\/\/www.tecnolam.it\/de\/wp-json\/wp\/v2\/pages\/342\/revisions"}],"predecessor-version":[{"id":1503,"href":"https:\/\/www.tecnolam.it\/de\/wp-json\/wp\/v2\/pages\/342\/revisions\/1503"}],"wp:attachment":[{"href":"https:\/\/www.tecnolam.it\/de\/wp-json\/wp\/v2\/media?parent=342"}],"curies":[{"name":"wp","href":"https:\/\/api.w.org\/{rel}","templated":true}]}}